{"id":176,"date":"2024-11-14T10:36:13","date_gmt":"2024-11-14T10:36:13","guid":{"rendered":"http:\/\/www.uusinakyma.fi\/?page_id=176"},"modified":"2025-03-30T23:46:51","modified_gmt":"2025-03-30T23:46:51","slug":"musta-tulee-aikuinen","status":"publish","type":"page","link":"https:\/\/www.uusinakyma.fi\/index.php\/musta-tulee-aikuinen\/","title":{"rendered":"Musta tulee aikuinen!"},"content":{"rendered":"<p>[et_pb_section fb_built=&#8221;1&#8243; admin_label=&#8221;Features&#8221; _builder_version=&#8221;4.22.1&#8243; _module_preset=&#8221;default&#8221; collapsed=&#8221;on&#8221; global_colors_info=&#8221;{}&#8221;][et_pb_row _builder_version=&#8221;4.23.2&#8243; _module_preset=&#8221;default&#8221; global_colors_info=&#8221;{}&#8221;][et_pb_column type=&#8221;4_4&#8243; _builder_version=&#8221;4.22.1&#8243; _module_preset=&#8221;default&#8221; global_colors_info=&#8221;{}&#8221;][et_pb_text _builder_version=&#8221;4.22.1&#8243; _module_preset=&#8221;a093e1d1-e871-486e-9f7e-cde68b07112c&#8221; locked=&#8221;off&#8221; global_colors_info=&#8221;{}&#8221;]<\/p>\n<h1>Musta tulee aikuinen!<\/h1>\n<p>[\/et_pb_text][\/et_pb_column][\/et_pb_row][et_pb_row column_structure=&#8221;3_5,2_5&#8243; _builder_version=&#8221;4.22.1&#8243; _module_preset=&#8221;default&#8221; global_colors_info=&#8221;{}&#8221;][et_pb_column type=&#8221;3_5&#8243; _builder_version=&#8221;4.22.1&#8243; _module_preset=&#8221;default&#8221; global_colors_info=&#8221;{}&#8221;][et_pb_text _builder_version=&#8221;4.27.3&#8243; _module_preset=&#8221;96651181-330c-4083-aedd-c4e28c5ef669&#8243; global_colors_info=&#8221;{}&#8221;]<\/p>\n<p>Musta tulee aikuinen! on kuuden tapaamiskerran mittainen ratkaisukeskeinen ohjattu prosessi. Se on suunnattu 15-19 -vuotiaille nuorille, joilla on ollut vaikeuksia kuvitella omaa toivottua tulevaisuuttaan. <strong>Tavoitteena on, ett\u00e4 nuori ly\u00f6t\u00e4\u00e4 itselleen sopivan el\u00e4m\u00e4npolun ja tiet\u00e4\u00e4, miten sill\u00e4 pysy\u00e4.<\/strong><\/p>\n<p>Tutkimusmatkalla k\u00e4ytett\u00e4v\u00e4t menetelm\u00e4t perustuvat nykyaikaiseen ymm\u00e4rrykseen psyykkisest\u00e4 selviytymiskyvyst\u00e4 (resilienssist\u00e4). Matka on hyvinkin toiminnallinen ja suunniteltu siten, ett\u00e4 sill\u00e4 on l\u00e4ht\u00f6kohtaisesti hyv\u00e4 potentiaali kiinnostaa ja innostaa nimenomaan teini-ik\u00e4isi\u00e4.<\/p>\n<p>[\/et_pb_text][\/et_pb_column][et_pb_column type=&#8221;2_5&#8243; _builder_version=&#8221;4.22.1&#8243; _module_preset=&#8221;default&#8221; global_colors_info=&#8221;{}&#8221;][et_pb_blurb use_icon=&#8221;on&#8221; font_icon=&#8221;&#xf00c;||fa||900&#8243; _builder_version=&#8221;4.27.0&#8243; _module_preset=&#8221;5cffaf3b-cf96-46ae-8601-266cc557f437&#8243; custom_margin=&#8221;||10px||false|false&#8221; locked=&#8221;off&#8221; global_colors_info=&#8221;{}&#8221;]<\/p>\n<p>Etenev\u00e4 tutkimusmatkan kaltainen kokonaisuus.<\/p>\n<p>[\/et_pb_blurb][et_pb_blurb use_icon=&#8221;on&#8221; font_icon=&#8221;&#xf00c;||fa||900&#8243; _builder_version=&#8221;4.27.0&#8243; _module_preset=&#8221;5cffaf3b-cf96-46ae-8601-266cc557f437&#8243; custom_margin=&#8221;||10px||false|false&#8221; locked=&#8221;off&#8221; global_colors_info=&#8221;{}&#8221;]<\/p>\n<p>Keski\u00f6ss\u00e4 nuoren kunnioittaminen.<\/p>\n<p>[\/et_pb_blurb][et_pb_blurb use_icon=&#8221;on&#8221; font_icon=&#8221;&#xf00c;||fa||900&#8243; _builder_version=&#8221;4.27.0&#8243; _module_preset=&#8221;5cffaf3b-cf96-46ae-8601-266cc557f437&#8243; custom_margin=&#8221;||10px||false|false&#8221; locked=&#8221;off&#8221; global_colors_info=&#8221;{}&#8221;]<\/p>\n<p>Sopii my\u00f6s lahjaksi.<\/p>\n<p>[\/et_pb_blurb][\/et_pb_column][\/et_pb_row][\/et_pb_section][et_pb_section fb_built=&#8221;1&#8243; admin_label=&#8221;Call to Action&#8221; _builder_version=&#8221;4.22.1&#8243; _module_preset=&#8221;default&#8221; overflow-x=&#8221;hidden&#8221; overflow-y=&#8221;hidden&#8221; locked=&#8221;off&#8221; collapsed=&#8221;on&#8221; global_colors_info=&#8221;{}&#8221;][et_pb_row column_structure=&#8221;1_4,3_4&#8243; custom_padding_last_edited=&#8221;on|tablet&#8221; _builder_version=&#8221;4.22.1&#8243; _module_preset=&#8221;default&#8221; custom_padding_tablet=&#8221;||0px||false|false&#8221; custom_padding_phone=&#8221;||0px||false|false&#8221; global_colors_info=&#8221;{}&#8221;][et_pb_column type=&#8221;1_4&#8243; _builder_version=&#8221;4.22.1&#8243; _module_preset=&#8221;default&#8221; global_colors_info=&#8221;{}&#8221;][\/et_pb_column][et_pb_column type=&#8221;3_4&#8243; _builder_version=&#8221;4.22.1&#8243; _module_preset=&#8221;default&#8221; global_colors_info=&#8221;{}&#8221;][et_pb_image src=&#8221;http:\/\/www.uusinakyma.fi\/wp-content\/uploads\/2024\/05\/sumu32.jpg&#8221; title_text=&#8221;sumu32&#8243; _builder_version=&#8221;4.27.2&#8243; _module_preset=&#8221;default&#8221; custom_margin=&#8221;|-20%|-40%||false|false&#8221; custom_margin_tablet=&#8221;|0%|0%||false|false&#8221; custom_margin_phone=&#8221;|0%|0%||false|false&#8221; custom_margin_last_edited=&#8221;on|tablet&#8221; scroll_horizontal_motion_enable=&#8221;on&#8221; scroll_horizontal_motion=&#8221;0|50|50|100|-0.5|0|0.5&#8243; global_colors_info=&#8221;{}&#8221;][\/et_pb_image][\/et_pb_column][\/et_pb_row][et_pb_row column_structure=&#8221;2_3,1_3&#8243; _builder_version=&#8221;4.22.1&#8243; _module_preset=&#8221;default&#8221; global_colors_info=&#8221;{}&#8221;][et_pb_column type=&#8221;2_3&#8243; _builder_version=&#8221;4.22.1&#8243; _module_preset=&#8221;default&#8221; background_color=&#8221;gcid-0a41bebc-0107-48f7-8173-6190cad71074&#8243; custom_padding=&#8221;40px|40px|40px|40px|true|true&#8221; custom_padding_tablet=&#8221;30px|30px|30px|30px|true|true&#8221; custom_padding_phone=&#8221;20px|20px|20px|20px|true|true&#8221; custom_padding_last_edited=&#8221;on|desktop&#8221; global_colors_info=&#8221;{%22gcid-0a41bebc-0107-48f7-8173-6190cad71074%22:%91%22background_color%22%93}&#8221;][et_pb_text _builder_version=&#8221;4.22.1&#8243; _module_preset=&#8221;ad60dc7f-b3c6-436b-9318-fa4bfe2891a5&#8243; header_2_text_color=&#8221;#000000&#8243; custom_margin=&#8221;||10px||false|false&#8221; locked=&#8221;off&#8221; global_colors_info=&#8221;{}&#8221;]<\/p>\n<h2>tahdon, pystyn, uskallan.<\/h2>\n<p>[\/et_pb_text][et_pb_text _builder_version=&#8221;4.27.3&#8243; _module_preset=&#8221;96651181-330c-4083-aedd-c4e28c5ef669&#8243; text_text_color=&#8221;#000000&#8243; hover_enabled=&#8221;0&#8243; locked=&#8221;off&#8221; global_colors_info=&#8221;{}&#8221; sticky_enabled=&#8221;0&#8243;]<\/p>\n<p><strong>Kandee tiet\u00e4\u00e4, minne on menossa ja miten sinne p\u00e4\u00e4see.<\/strong><\/p>\n<p>El\u00e4m\u00e4 on kaunis ja kallis. Pid\u00e4 liekkisi ja kulje omilla jaloillasi. Menneisyytesi tai kukaan ulkopuolellasi ei m\u00e4\u00e4rit\u00e4 tulevaisuuttasi. S\u00e4 itse teet sen.<\/p>\n<p>[\/et_pb_text][et_pb_button button_url=&#8221;https:\/\/www.uusinakyma.fi\/index.php\/yhteystiedot-2\/&#8221; button_text=&#8221;ota yhteytt\u00e4&#8221; _builder_version=&#8221;4.27.3&#8243; _module_preset=&#8221;48de8c16-f83a-4f59-b402-8c96d7408fb8&#8243; locked=&#8221;off&#8221; global_colors_info=&#8221;{}&#8221;][\/et_pb_button][\/et_pb_column][et_pb_column type=&#8221;1_3&#8243; _builder_version=&#8221;4.22.1&#8243; _module_preset=&#8221;default&#8221; global_colors_info=&#8221;{}&#8221;][\/et_pb_column][\/et_pb_row][\/et_pb_section][et_pb_section fb_built=&#8221;1&#8243; admin_label=&#8221;Services&#8221; _builder_version=&#8221;4.22.1&#8243; _module_preset=&#8221;default&#8221; collapsed=&#8221;on&#8221; global_colors_info=&#8221;{}&#8221;][et_pb_row _builder_version=&#8221;4.22.1&#8243; _module_preset=&#8221;default&#8221; global_colors_info=&#8221;{}&#8221;][et_pb_column type=&#8221;4_4&#8243; _builder_version=&#8221;4.22.1&#8243; _module_preset=&#8221;default&#8221; global_colors_info=&#8221;{}&#8221;][et_pb_text _builder_version=&#8221;4.23.2&#8243; _module_preset=&#8221;ad60dc7f-b3c6-436b-9318-fa4bfe2891a5&#8243; text_orientation=&#8221;center&#8221; global_colors_info=&#8221;{}&#8221;]<\/p>\n<h2>miksi Tulevaisuuden visiointi kannattaa?<\/h2>\n<p>[\/et_pb_text][\/et_pb_column][\/et_pb_row][et_pb_row column_structure=&#8221;1_2,1_2&#8243; _builder_version=&#8221;4.27.2&#8243; _module_preset=&#8221;default&#8221; custom_padding=&#8221;||27px|||&#8221; locked=&#8221;off&#8221; global_colors_info=&#8221;{}&#8221;][et_pb_column type=&#8221;1_2&#8243; _builder_version=&#8221;4.22.1&#8243; _module_preset=&#8221;default&#8221; global_colors_info=&#8221;{}&#8221;][et_pb_blurb image_icon_background_color=&#8221;gcid-0a41bebc-0107-48f7-8173-6190cad71074&#8243; image=&#8221;http:\/\/www.uusinakyma.fi\/wp-content\/uploads\/2024\/06\/voima-1.png&#8221; _builder_version=&#8221;4.27.2&#8243; _module_preset=&#8221;113c8854-431e-441d-8c72-1e6c04a10c6d&#8221; custom_margin=&#8221;||0px||false|false&#8221; locked=&#8221;off&#8221; global_colors_info=&#8221;{%22gcid-0a41bebc-0107-48f7-8173-6190cad71074%22:%91%22image_icon_background_color%22%93}&#8221;][\/et_pb_blurb][et_pb_text _builder_version=&#8221;4.27.2&#8243; _module_preset=&#8221;34e29434-fa40-426c-aa81-4b504f6144bb&#8221; text_orientation=&#8221;center&#8221; custom_margin=&#8221;||10px||false|false&#8221; global_colors_info=&#8221;{}&#8221;]<\/p>\n<h4>Esimerkki 1<\/h4>\n<p>[\/et_pb_text][et_pb_text _builder_version=&#8221;4.27.2&#8243; _module_preset=&#8221;96651181-330c-4083-aedd-c4e28c5ef669&#8243; text_orientation=&#8221;center&#8221; global_colors_info=&#8221;{}&#8221;]<\/p>\n<p>Stanfordin yliopiston valtavan suosion saavuttaneella Life design \u2013kurssilla tarkastellaan j\u00e4rjestelm\u00e4llisesti eri menetelmien avulla omaa toivottua tulevaisuutta.<\/p>\n<p><em>\u279c TUTKIMUSTEN MUKAAN OSALLISTUJAT L\u00d6YT\u00c4V\u00c4T MUITA TODENN\u00c4K\u00d6ISEMMIN UNELMIENSA TY\u00d6PAIKAN.<\/em><\/p>\n<p>[\/et_pb_text][\/et_pb_column][et_pb_column type=&#8221;1_2&#8243; _builder_version=&#8221;4.22.1&#8243; _module_preset=&#8221;default&#8221; global_colors_info=&#8221;{}&#8221;][et_pb_blurb image_icon_background_color=&#8221;gcid-0a41bebc-0107-48f7-8173-6190cad71074&#8243; image=&#8221;http:\/\/www.uusinakyma.fi\/wp-content\/uploads\/2024\/06\/voima-1.png&#8221; _builder_version=&#8221;4.27.2&#8243; _module_preset=&#8221;113c8854-431e-441d-8c72-1e6c04a10c6d&#8221; custom_margin=&#8221;||0px||false|false&#8221; locked=&#8221;off&#8221; global_colors_info=&#8221;{%22gcid-0a41bebc-0107-48f7-8173-6190cad71074%22:%91%22image_icon_background_color%22%93}&#8221;][\/et_pb_blurb][et_pb_text _builder_version=&#8221;4.22.1&#8243; _module_preset=&#8221;34e29434-fa40-426c-aa81-4b504f6144bb&#8221; text_orientation=&#8221;center&#8221; custom_margin=&#8221;||10px||false|false&#8221; global_colors_info=&#8221;{}&#8221;]<\/p>\n<h4>esimerkki 2<\/h4>\n<p>[\/et_pb_text][et_pb_text _builder_version=&#8221;4.27.2&#8243; _module_preset=&#8221;96651181-330c-4083-aedd-c4e28c5ef669&#8243; text_orientation=&#8221;center&#8221; global_colors_info=&#8221;{}&#8221;]<\/p>\n<p>Erasmus-yliopistossa otettiin kokeiluun pakollinen &#8221;tulevaisuuskurssi&#8221;. Osallistujat kirjoittivat ja kuvasivat ohjatusti omia realistisia unelmiaan (ty\u00f6paikka, ihmissuhteet, elintaso).<\/p>\n<p><em>\u279c YHT\u00c4KKI\u00c4 YLEMPI\u00c4 ARVOSANOJA OLI ENN\u00c4TYSM\u00c4\u00c4R\u00c4 KOKO YLIOPISTON HISTORIASSA.<\/em><\/p>\n<p>[\/et_pb_text][\/et_pb_column][\/et_pb_row][\/et_pb_section][et_pb_section fb_built=&#8221;1&#8243; admin_label=&#8221;Call to Action&#8221; _builder_version=&#8221;4.22.1&#8243; _module_preset=&#8221;default&#8221; collapsed=&#8221;on&#8221; global_colors_info=&#8221;{}&#8221;][et_pb_row _builder_version=&#8221;4.27.2&#8243; _module_preset=&#8221;default&#8221; use_background_color_gradient=&#8221;on&#8221; background_color_gradient_direction=&#8221;90deg&#8221; background_color_gradient_stops=&#8221;#000000 0%|rgba(255,255,255,0) 100%&#8221; background_color_gradient_overlays_image=&#8221;on&#8221; background_image=&#8221;http:\/\/www.uusinakyma.fi\/wp-content\/uploads\/2024\/11\/iStock-1044567998-300&#215;200.jpg&#8221; max_width=&#8221;1280px&#8221; custom_padding=&#8221;0px||0px||true|false&#8221; locked=&#8221;off&#8221; global_colors_info=&#8221;{}&#8221;][et_pb_column type=&#8221;4_4&#8243; _builder_version=&#8221;4.23.2&#8243; _module_preset=&#8221;default&#8221; background_enable_image=&#8221;off&#8221; parallax=&#8221;on&#8221; custom_padding=&#8221;20%|60px|60px|60px|false|true&#8221; custom_padding_tablet=&#8221;|30px|30px|30px|false|true&#8221; custom_padding_phone=&#8221;|20px|20px|20px|false|true&#8221; custom_padding_last_edited=&#8221;on|tablet&#8221; global_colors_info=&#8221;{}&#8221;][et_pb_text _builder_version=&#8221;4.27.2&#8243; _module_preset=&#8221;ad60dc7f-b3c6-436b-9318-fa4bfe2891a5&#8243; header_2_text_color=&#8221;#FFFFFF&#8221; text_orientation=&#8221;center&#8221; width=&#8221;60%&#8221; module_alignment=&#8221;center&#8221; custom_margin=&#8221;||10px||false|false&#8221; global_colors_info=&#8221;{}&#8221;]<\/p>\n<h2>kohti \u00e4\u00e4ret\u00f6nt\u00e4 ja sen yli!<\/h2>\n<p>[\/et_pb_text][et_pb_button button_url=&#8221;https:\/\/www.uusinakyma.fi\/index.php\/yhteystiedot-2\/&#8221; button_text=&#8221;Varaa matka&#8221; button_alignment=&#8221;center&#8221; _builder_version=&#8221;4.27.3&#8243; _module_preset=&#8221;48de8c16-f83a-4f59-b402-8c96d7408fb8&#8243; global_colors_info=&#8221;{}&#8221;][\/et_pb_button][\/et_pb_column][\/et_pb_row][\/et_pb_section]<\/p>\n","protected":false},"excerpt":{"rendered":"<p>Musta tulee aikuinen!Musta tulee aikuinen! on kuuden tapaamiskerran mittainen ratkaisukeskeinen ohjattu prosessi. Se on suunnattu 15-19 -vuotiaille nuorille, joilla on ollut vaikeuksia kuvitella omaa toivottua tulevaisuuttaan. Tavoitteena on, ett\u00e4 nuori ly\u00f6t\u00e4\u00e4 itselleen sopivan el\u00e4m\u00e4npolun ja tiet\u00e4\u00e4, miten sill\u00e4 pysy\u00e4. Tutkimusmatkalla k\u00e4ytett\u00e4v\u00e4t menetelm\u00e4t perustuvat nykyaikaiseen ymm\u00e4rrykseen psyykkisest\u00e4 selviytymiskyvyst\u00e4 (resilienssist\u00e4). Matka on hyvinkin toiminnallinen ja suunniteltu siten, [&hellip;]<\/p>\n","protected":false},"author":1,"featured_media":0,"parent":0,"menu_order":0,"comment_status":"closed","ping_status":"closed","template":"","meta":{"_et_pb_use_builder":"on","_et_pb_old_content":"","_et_gb_content_width":"","footnotes":""},"_links":{"self":[{"href":"https:\/\/www.uusinakyma.fi\/index.php\/wp-json\/wp\/v2\/pages\/176"}],"collection":[{"href":"https:\/\/www.uusinakyma.fi\/index.php\/wp-json\/wp\/v2\/pages"}],"about":[{"href":"https:\/\/www.uusinakyma.fi\/index.php\/wp-json\/wp\/v2\/types\/page"}],"author":[{"embeddable":true,"href":"https:\/\/www.uusinakyma.fi\/index.php\/wp-json\/wp\/v2\/users\/1"}],"replies":[{"embeddable":true,"href":"https:\/\/www.uusinakyma.fi\/index.php\/wp-json\/wp\/v2\/comments?post=176"}],"version-history":[{"count":32,"href":"https:\/\/www.uusinakyma.fi\/index.php\/wp-json\/wp\/v2\/pages\/176\/revisions"}],"predecessor-version":[{"id":889,"href":"https:\/\/www.uusinakyma.fi\/index.php\/wp-json\/wp\/v2\/pages\/176\/revisions\/889"}],"wp:attachment":[{"href":"https:\/\/www.uusinakyma.fi\/index.php\/wp-json\/wp\/v2\/media?parent=176"}],"curies":[{"name":"wp","href":"https:\/\/api.w.org\/{rel}","templated":true}]}}