{"id":197,"date":"2024-11-14T10:36:30","date_gmt":"2024-11-14T10:36:30","guid":{"rendered":"http:\/\/www.uusinakyma.fi\/?page_id=197"},"modified":"2025-08-02T10:58:57","modified_gmt":"2025-08-02T10:58:57","slug":"ratkaisukeskeinen-lyhytterapia","status":"publish","type":"page","link":"https:\/\/www.uusinakyma.fi\/index.php\/ratkaisukeskeinen-lyhytterapia\/","title":{"rendered":"Lyhytterapia"},"content":{"rendered":"<p>[et_pb_section fb_built=&#8221;1&#8243; admin_label=&#8221;Features&#8221; _builder_version=&#8221;4.25.1&#8243; _module_preset=&#8221;default&#8221; min_height=&#8221;613px&#8221; custom_margin=&#8221;||-11px|||&#8221; custom_padding=&#8221;||0px|||&#8221; collapsed=&#8221;on&#8221; global_colors_info=&#8221;{}&#8221;][et_pb_row _builder_version=&#8221;4.23.2&#8243; _module_preset=&#8221;default&#8221; global_colors_info=&#8221;{}&#8221;][et_pb_column type=&#8221;4_4&#8243; _builder_version=&#8221;4.22.1&#8243; _module_preset=&#8221;default&#8221; global_colors_info=&#8221;{}&#8221;][et_pb_text _builder_version=&#8221;4.22.1&#8243; _module_preset=&#8221;a093e1d1-e871-486e-9f7e-cde68b07112c&#8221; locked=&#8221;off&#8221; global_colors_info=&#8221;{}&#8221;]<\/p>\n<h1>Ratkaisukeskeinen lyhytterapia<\/h1>\n<p>&nbsp;<\/p>\n<p>[\/et_pb_text][\/et_pb_column][\/et_pb_row][et_pb_row column_structure=&#8221;3_5,2_5&#8243; _builder_version=&#8221;4.22.1&#8243; _module_preset=&#8221;default&#8221; custom_padding=&#8221;||0px|||&#8221; global_colors_info=&#8221;{}&#8221;][et_pb_column type=&#8221;3_5&#8243; _builder_version=&#8221;4.22.1&#8243; _module_preset=&#8221;default&#8221; global_colors_info=&#8221;{}&#8221;][et_pb_text _builder_version=&#8221;4.22.1&#8243; _module_preset=&#8221;d77b7333-efa0-4473-9955-7e438b0bd2cc&#8221; global_colors_info=&#8221;{}&#8221;]<\/p>\n<p>Ratkaisukeskeisess\u00e4 lyhytterapiassa tavoitteina ovat aidosti k\u00e4yt\u00e4nn\u00f6ntasolla tapahtuvat ajattelun ja toiminnan muutokset. O<span style=\"font-size: 16px;\">ngelmia yll\u00e4pit\u00e4v\u00e4t tukipuut katkaistaan ja luodaan jotain parempaa tilalle. El\u00e4m\u00e4\u00e4n ja ihmisyyteen suhtaudutaan maanl\u00e4heisesti.<\/span><\/p>\n<p>Ratkaisukeskeisyydess\u00e4 ollaan my\u00f6s erityisen kiinnostuneita voimavaroista, vahvuuksista ja toiveikkuutta lis\u00e4\u00e4vist\u00e4 tekij\u00f6ist\u00e4. Ty\u00f6skentely\u00e4 leimaa usein jopa ilo, optimismi ja keveys.<\/p>\n<p><span><\/span><\/p>\n<p><span><\/span><\/p>\n<p>[\/et_pb_text][\/et_pb_column][et_pb_column type=&#8221;2_5&#8243; _builder_version=&#8221;4.22.1&#8243; _module_preset=&#8221;default&#8221; global_colors_info=&#8221;{}&#8221;][et_pb_blurb use_icon=&#8221;on&#8221; font_icon=&#8221;&#xf00c;||fa||900&#8243; _builder_version=&#8221;4.27.3&#8243; _module_preset=&#8221;1f595458-288e-494d-a493-ea16aa00d5a5&#8243; custom_margin=&#8221;||10px||false|false&#8221; hover_enabled=&#8221;0&#8243; locked=&#8221;off&#8221; global_colors_info=&#8221;{}&#8221; sticky_enabled=&#8221;0&#8243;]<\/p>\n<p>Terapian pituus on tavallisesti vain 3-20 kertaa.<\/p>\n<p>[\/et_pb_blurb][et_pb_blurb use_icon=&#8221;on&#8221; font_icon=&#8221;&#xf00c;||fa||900&#8243; _builder_version=&#8221;4.27.0&#8243; _module_preset=&#8221;1f595458-288e-494d-a493-ea16aa00d5a5&#8243; custom_margin=&#8221;||10px||false|false&#8221; locked=&#8221;off&#8221; global_colors_info=&#8221;{}&#8221;]<\/p>\n<p>Yhden tapaamisen kesto on 45 minuuttia.<\/p>\n<p>[\/et_pb_blurb][et_pb_blurb use_icon=&#8221;on&#8221; font_icon=&#8221;&#xf00c;||fa||900&#8243; _builder_version=&#8221;4.25.2&#8243; _module_preset=&#8221;1f595458-288e-494d-a493-ea16aa00d5a5&#8243; custom_margin=&#8221;||10px||false|false&#8221; locked=&#8221;off&#8221; global_colors_info=&#8221;{}&#8221;]<\/p>\n<p>Terapia on aina ehdottoman luottamuksellista. Terapeuttia sitoo 100% vaitiolovelvollisuus.<\/p>\n<p>[\/et_pb_blurb][\/et_pb_column][\/et_pb_row][\/et_pb_section][et_pb_section fb_built=&#8221;1&#8243; admin_label=&#8221;Header&#8221; _builder_version=&#8221;4.22.1&#8243; _module_preset=&#8221;default&#8221; min_height=&#8221;133.6px&#8221; custom_padding=&#8221;0px|||||&#8221; collapsed=&#8221;on&#8221; global_colors_info=&#8221;{}&#8221;][et_pb_row _builder_version=&#8221;4.27.3&#8243; _module_preset=&#8221;default&#8221; custom_padding=&#8221;0px|||||&#8221; global_colors_info=&#8221;{}&#8221;][et_pb_column type=&#8221;4_4&#8243; _builder_version=&#8221;4.22.1&#8243; _module_preset=&#8221;default&#8221; global_colors_info=&#8221;{}&#8221;][et_pb_text _builder_version=&#8221;4.27.3&#8243; _module_preset=&#8221;ea783822-8b36-43e4-a27f-abb60b1ae34b&#8221; transform_translate=&#8221;-20px|94px&#8221; custom_margin=&#8221;||10px||false|false&#8221; global_colors_info=&#8221;{}&#8221;]<\/p>\n<h1><span style=\"font-size: xx-large;\">Mihin se perustuu?<\/span><\/h1>\n<p>[\/et_pb_text][et_pb_text _builder_version=&#8221;4.27.3&#8243; _module_preset=&#8221;d095e81d-5aa0-4bbd-b133-064508788f3a&#8221; transform_scale=&#8221;89%|89%&#8221; transform_translate=&#8221;-13px|48px&#8221; transform_origin=&#8221;-6%|286%&#8221; global_colors_info=&#8221;{}&#8221;]<\/p>\n<p><span style=\"font-weight: 400;\">L\u00e4hestymistavan takana on laaja teoriakokonaisuus, jonka juuret l\u00f6ytyv\u00e4t jo yli 70 vuoden takaa. Ratkaisukeskeisyys kytkeytyy esimerkiksi positiivisen psykologian syntyyn. Ratkaisukeskeisen lyhytterapian tuloksellisuudesta on selke\u00e4\u00e4 tutkimuksellista n\u00e4ytt\u00f6\u00e4, joka koskee my\u00f6s terapian p\u00e4\u00e4ttymisen j\u00e4lkeist\u00e4 pitk\u00e4n aikav\u00e4lin vaikuttavuutta.<\/span><\/p>\n<p>[\/et_pb_text][\/et_pb_column][\/et_pb_row][\/et_pb_section][et_pb_section fb_built=&#8221;1&#8243; admin_label=&#8221;Header&#8221; _builder_version=&#8221;4.22.1&#8243; _module_preset=&#8221;default&#8221; min_height=&#8221;157.2px&#8221; custom_padding=&#8221;0px|||||&#8221; collapsed=&#8221;on&#8221; global_colors_info=&#8221;{}&#8221;][et_pb_row _builder_version=&#8221;4.27.3&#8243; _module_preset=&#8221;default&#8221; custom_padding=&#8221;||0px|||&#8221; global_colors_info=&#8221;{}&#8221;][et_pb_column type=&#8221;4_4&#8243; _builder_version=&#8221;4.22.1&#8243; _module_preset=&#8221;default&#8221; global_colors_info=&#8221;{}&#8221;][et_pb_text _builder_version=&#8221;4.27.3&#8243; _module_preset=&#8221;ea783822-8b36-43e4-a27f-abb60b1ae34b&#8221; transform_translate=&#8221;-16px|53px&#8221; custom_margin=&#8221;||10px||false|false&#8221; custom_padding=&#8221;0px|||||&#8221; global_colors_info=&#8221;{}&#8221;]<\/p>\n<h1><span style=\"font-size: xx-large;\">Millaisiin tilanteisiin se sopii?<\/span><\/h1>\n<p>[\/et_pb_text][et_pb_text _builder_version=&#8221;4.27.2&#8243; _module_preset=&#8221;d095e81d-5aa0-4bbd-b133-064508788f3a&#8221; transform_scale=&#8221;89%|89%&#8221; transform_translate=&#8221;-10px|-33px&#8221; transform_origin=&#8221;-6%|286%&#8221; global_colors_info=&#8221;{}&#8221;]<\/p>\n<p>Ratkaisukeskeisyyden ideoita voidaan soveltaa hyvin erilaisissa tilanteissa olevien ihmisten auttamiseen. Tulosyit\u00e4 ratkaisukeskeiseen lyhytterapiaan voivat olla esimerkiksi traumat, masennus, ahdistus, p\u00e4ihderiippuvuus, ty\u00f6uupumus, ihmissuhdepulmat tai jokin tietty huoli.<\/p>\n<p>Ratkaisukeskeisen lyhytterapian avulla voidaan auttaa my\u00f6s psykoterapiajonoissa seisovia henkil\u00f6it\u00e4. Lyhytterapia voi toimia odotteluajan kannatteluterapiana ja toisinaan ty\u00f6skentelyn tuloksena pitk\u00e4n psykoterapian tarve poistuu.<\/p>\n<p>&nbsp;<\/p>\n<p>[\/et_pb_text][\/et_pb_column][\/et_pb_row][\/et_pb_section][et_pb_section fb_built=&#8221;1&#8243; admin_label=&#8221;Header&#8221; _builder_version=&#8221;4.27.3&#8243; _module_preset=&#8221;default&#8221; custom_padding=&#8221;0px||98px|||&#8221; collapsed=&#8221;on&#8221; global_colors_info=&#8221;{}&#8221;][et_pb_row _builder_version=&#8221;4.27.3&#8243; _module_preset=&#8221;default&#8221; min_height=&#8221;294.6px&#8221; custom_margin=&#8221;-44px|auto||auto||&#8221; custom_padding=&#8221;0px||28px|||&#8221; global_colors_info=&#8221;{}&#8221;][et_pb_column type=&#8221;4_4&#8243; _builder_version=&#8221;4.22.1&#8243; _module_preset=&#8221;default&#8221; global_colors_info=&#8221;{}&#8221;][et_pb_text _builder_version=&#8221;4.27.3&#8243; _module_preset=&#8221;ea783822-8b36-43e4-a27f-abb60b1ae34b&#8221; transform_translate=&#8221;-14px|59px&#8221; custom_margin=&#8221;||10px||false|false&#8221; global_colors_info=&#8221;{}&#8221;]<\/p>\n<h1><span style=\"font-size: xx-large;\">miksi se toimii?<\/span><\/h1>\n<p>[\/et_pb_text][et_pb_text _builder_version=&#8221;4.27.2&#8243; _module_preset=&#8221;d095e81d-5aa0-4bbd-b133-064508788f3a&#8221; transform_scale=&#8221;89%|89%&#8221; transform_translate=&#8221;-9px|16px&#8221; transform_origin=&#8221;-6%|286%&#8221; global_colors_info=&#8221;{}&#8221;]<\/p>\n<p>\u00a0Ty\u00f6skentelyn pyrkimyksen\u00e4 on aina se, ett\u00e4 toivon sytytty\u00e4 henkil\u00f6 l\u00f6yt\u00e4\u00e4 itsest\u00e4\u00e4n valtaa, voimaa ja keinot vaikuttaa itselleen t\u00e4rkeisiin asioihin. Ratkaisukeskeisyytt\u00e4 kutsutaan usein kustannustehokkaaksi, koska on tavallista, ett\u00e4 <em><span style=\"font-size: large;\"><strong>uuden n\u00e4kym\u00e4n<\/strong><\/span><\/em> avauduttua asiakas ei en\u00e4\u00e4 koe tarvitsevansa ammattilaisen tukea.<\/p>\n<p>[\/et_pb_text][\/et_pb_column][\/et_pb_row][\/et_pb_section][et_pb_section fb_built=&#8221;1&#8243; admin_label=&#8221;Programs&#8221; _builder_version=&#8221;4.22.1&#8243; _module_preset=&#8221;default&#8221; custom_margin=&#8221;8px|||||&#8221; custom_padding=&#8221;23px|||||&#8221; collapsed=&#8221;on&#8221; global_colors_info=&#8221;{}&#8221;][et_pb_row column_structure=&#8221;1_3,2_3&#8243; _builder_version=&#8221;4.27.2&#8243; _module_preset=&#8221;default&#8221; custom_padding=&#8221;12px|||||&#8221; global_colors_info=&#8221;{}&#8221;][et_pb_column type=&#8221;1_3&#8243; _builder_version=&#8221;4.23.2&#8243; _module_preset=&#8221;default&#8221; custom_padding=&#8221;|||10%|false|false&#8221; custom_padding_tablet=&#8221;|||0%|false|false&#8221; custom_padding_phone=&#8221;&#8221; custom_padding_last_edited=&#8221;on|tablet&#8221; global_colors_info=&#8221;{}&#8221;][et_pb_text _builder_version=&#8221;4.27.3&#8243; _module_preset=&#8221;d095e81d-5aa0-4bbd-b133-064508788f3a&#8221; text_font=&#8221;ABeeZee||||||||&#8221; text_text_color=&#8221;#000000&#8243; transform_scale=&#8221;112%|112%&#8221; transform_translate=&#8221;9px|9px&#8221; transform_rotate=&#8221;0deg|0deg|349deg&#8221; transform_origin=&#8221;42%|52%&#8221; custom_padding=&#8221;||0px|||&#8221; locked=&#8221;off&#8221; inline_fonts=&#8221;Actor&#8221; global_colors_info=&#8221;{}&#8221;]<\/p>\n<p><span style=\"font-family: Actor; font-weight: normal;\"><span style=\"font-size: medium;\"><em>Jotka tulevat suorinta tiet\u00e4, <\/em><\/span><em style=\"font-size: medium;\">saapuvat tyhjin taskuin.<\/em><\/span><\/p>\n<p><span style=\"font-family: Actor; font-weight: normal;\"><span style=\"font-size: medium;\"><em>Jotka ovat kolunneet kaikki polut, <\/em><\/span><em style=\"font-size: medium;\">tulevat s\u00e4ihkyvin silmin, <\/em><span style=\"font-size: medium;\"><em>polvet ruvella, <\/em><\/span><em style=\"font-size: medium;\">outoja hedelmi\u00e4 hauraassa s\u00e4kiss\u00e4\u00e4n.<\/em><\/span><\/p>\n<p><span style=\"font-size: medium; font-family: Actor; font-weight: normal;\"><em>Niin se yst\u00e4v\u00e4ni on, niin se on, ett\u00e4 eksym\u00e4tt\u00e4 et l\u00f6yd\u00e4 perille.<\/em><\/span><\/p>\n<p><span style=\"font-size: medium; font-family: Actor; font-weight: normal;\"><em><\/em><\/span><\/p>\n<p><span style=\"font-size: small; font-family: Actor; font-weight: normal;\">-Tommy Tabermann<\/span><span style=\"font-size: medium;\"><em><\/em><\/span><\/p>\n<p><span style=\"font-size: medium;\"><em><\/em><\/span><\/p>\n<p>[\/et_pb_text][\/et_pb_column][et_pb_column type=&#8221;2_3&#8243; _builder_version=&#8221;4.23.2&#8243; _module_preset=&#8221;default&#8221; global_colors_info=&#8221;{}&#8221;][et_pb_image src=&#8221;http:\/\/www.uusinakyma.fi\/wp-content\/uploads\/2024\/08\/peurankorvat.jpg&#8221; title_text=&#8221;peurankorvat&#8221; _builder_version=&#8221;4.27.0&#8243; _module_preset=&#8221;default&#8221; scroll_vertical_motion_enable=&#8221;on&#8221; scroll_vertical_motion=&#8221;0|50|50|100|0.5|0|-0.5&#8243; global_colors_info=&#8221;{}&#8221;][\/et_pb_image][\/et_pb_column][\/et_pb_row][\/et_pb_section][et_pb_section fb_built=&#8221;1&#8243; admin_label=&#8221;FAQ&#8221; _builder_version=&#8221;4.22.1&#8243; _module_preset=&#8221;default&#8221; collapsed=&#8221;on&#8221; global_colors_info=&#8221;{}&#8221;][et_pb_row _builder_version=&#8221;4.22.1&#8243; _module_preset=&#8221;default&#8221; global_colors_info=&#8221;{}&#8221;][et_pb_column type=&#8221;4_4&#8243; _builder_version=&#8221;4.22.1&#8243; _module_preset=&#8221;default&#8221; global_colors_info=&#8221;{}&#8221;][et_pb_text _builder_version=&#8221;4.25.1&#8243; _module_preset=&#8221;8465abc8-91b9-446e-a48d-e4f75030027a&#8221; global_colors_info=&#8221;{}&#8221;]<\/p>\n<h2>Usein kysytyt kysymykset<\/h2>\n<p>[\/et_pb_text][et_pb_accordion toggle_icon=&#8221;&#xf067;||fa||900&#8243; _builder_version=&#8221;4.27.0&#8243; _module_preset=&#8221;949774a8-7fd9-4c49-9aeb-a86f84a7b31f&#8221; locked=&#8221;off&#8221; global_colors_info=&#8221;{%22gcid-0a41bebc-0107-48f7-8173-6190cad71074%22:%91%22open_toggle_text_color%22%93}&#8221;][et_pb_accordion_item title=&#8221;tarvitsenko l\u00e4hetteen?&#8221; open=&#8221;off&#8221; _builder_version=&#8221;4.22.1&#8243; _module_preset=&#8221;default&#8221; global_colors_info=&#8221;{}&#8221;]<\/p>\n<p>Et tarvitse. Lyhytterapiaan hakeudutaan omatoimisesti. Se on julkisesta terveydenhuollosta erill\u00e4\u00e4n toimiva yksityinen palvelu.<\/p>\n<p>[\/et_pb_accordion_item][et_pb_accordion_item title=&#8221;voinko saada k\u00e4ynneist\u00e4 kela-korvausta?&#8221; _builder_version=&#8221;4.22.1&#8243; _module_preset=&#8221;default&#8221; global_colors_info=&#8221;{}&#8221; open=&#8221;off&#8221;]<\/p>\n<p>Lyhytterapia ei ole kela-korvattavaa. Kyseess\u00e4 on matalalla kynnyksell\u00e4 helposti saavutettavissa oleva auttamismuoto.<\/p>\n<p>[\/et_pb_accordion_item][et_pb_accordion_item title=&#8221;miten tietoturvallisuudesta on huolehdittu?&#8221; _builder_version=&#8221;4.22.1&#8243; _module_preset=&#8221;default&#8221; global_colors_info=&#8221;{}&#8221; open=&#8221;off&#8221;]<\/p>\n<p>Uusi n\u00e4kym\u00e4n terapia on t\u00e4ysin tietoturvallista. K\u00e4ynneist\u00e4 ei j\u00e4\u00e4 digitaalisessa muodossa kirjallista j\u00e4lke\u00e4 lainkaan. Asiakkuussuhteesta ei tule merkint\u00e4\u00e4 edes omiin terveystietoihisi. Kirjoitan k\u00e4ynneist\u00e4 ei-tunnistettavalla tavalla ruutupaperille esimerkiksi etunimen ensimm\u00e4ist\u00e4 kirjainta k\u00e4ytt\u00e4en lyhyit\u00e4 muutaman sanan muistiinpanoja. Niiden k\u00e4ytt\u00f6tarkoitus on ainoastaan toimia oman muistini tukena eli terapeutin ty\u00f6kaluina. S\u00e4ilyt\u00e4n muistiinpanot turvallisesti ja h\u00e4vit\u00e4n ne t\u00e4ydellisesti asiakkuuden p\u00e4\u00e4tytty\u00e4.<\/p>\n<p>[\/et_pb_accordion_item][et_pb_accordion_item title=&#8221;voiko terapiaan tulla esimerkiksi puolison tai muun l\u00e4heisen kanssa?&#8221; _builder_version=&#8221;4.22.1&#8243; _module_preset=&#8221;default&#8221; global_colors_info=&#8221;{}&#8221; open=&#8221;off&#8221;]<\/p>\n<p>Voi. Ratkaisukeskeisyyteen nimenomaan kuuluu verkostokeskeisyys. Asioista voidaan puhua rakentavasti silloinkin, kun paikalla on useampia ihmisi\u00e4. Ratkaisukeskeisyyden avulla voidaan auttaa kasvattamaan hyvinvointia ihmissuhteissa ja ratkoa ihmissuhdepulmia.<\/p>\n<p>[\/et_pb_accordion_item][et_pb_accordion_item title=&#8221;mit\u00e4 jos haluankin lopettaa terapian kesken?&#8221; _builder_version=&#8221;4.22.1&#8243; _module_preset=&#8221;default&#8221; global_colors_info=&#8221;{}&#8221; open=&#8221;on&#8221;]<\/p>\n<p>Ensimm\u00e4isell\u00e4 k\u00e4ynnill\u00e4 tehd\u00e4\u00e4n terapiasopimus, jossa sovitaan esimerkiksi alustavasti terapian pituudesta. Asiakas on kuitenkin aina vapaa purkamaan sopimuksen kesken terapiajakson ilman ehtoja tai mink\u00e4\u00e4nlaista pient\u00e4 printti\u00e4. Mik\u00e4li k\u00e4yntej\u00e4 on maksettu etuk\u00e4teen, summa palautetaan asiakkaan tilille.<\/p>\n<p>[\/et_pb_accordion_item][\/et_pb_accordion][\/et_pb_column][\/et_pb_row][\/et_pb_section][et_pb_section fb_built=&#8221;1&#8243; custom_padding_last_edited=&#8221;off|tablet&#8221; admin_label=&#8221;Call to Action&#8221; _builder_version=&#8221;4.22.1&#8243; _module_preset=&#8221;default&#8221; custom_padding_tablet=&#8221;||||false|false&#8221; locked=&#8221;off&#8221; collapsed=&#8221;on&#8221; global_colors_info=&#8221;{}&#8221;][et_pb_row column_structure=&#8221;3_4,1_4&#8243; custom_padding_last_edited=&#8221;on|tablet&#8221; _builder_version=&#8221;4.22.1&#8243; _module_preset=&#8221;default&#8221; max_width=&#8221;1280px&#8221; custom_padding_tablet=&#8221;||0px||false|false&#8221; custom_padding_phone=&#8221;||0px||false|false&#8221; global_colors_info=&#8221;{}&#8221;][et_pb_column type=&#8221;3_4&#8243; _builder_version=&#8221;4.22.1&#8243; _module_preset=&#8221;default&#8221; global_colors_info=&#8221;{}&#8221;][et_pb_image src=&#8221;http:\/\/www.uusinakyma.fi\/wp-content\/uploads\/2024\/08\/etana.jpg&#8221; title_text=&#8221;etana&#8221; _builder_version=&#8221;4.27.0&#8243; _module_preset=&#8221;default&#8221; custom_margin=&#8221;||-30%||false|false&#8221; custom_margin_tablet=&#8221;||0%||false|false&#8221; custom_margin_phone=&#8221;||0%||false|false&#8221; custom_margin_last_edited=&#8221;on|desktop&#8221; scroll_horizontal_motion_enable=&#8221;on&#8221; scroll_horizontal_motion=&#8221;0|50|50|100|0.5|0|-0.5&#8243; locked=&#8221;off&#8221; global_colors_info=&#8221;{}&#8221;][\/et_pb_image][\/et_pb_column][et_pb_column type=&#8221;1_4&#8243; _builder_version=&#8221;4.22.1&#8243; _module_preset=&#8221;default&#8221; global_colors_info=&#8221;{}&#8221;][\/et_pb_column][\/et_pb_row][et_pb_row column_structure=&#8221;2_5,3_5&#8243; custom_padding_last_edited=&#8221;on|desktop&#8221; _builder_version=&#8221;4.22.1&#8243; _module_preset=&#8221;default&#8221; max_width=&#8221;840px&#8221; custom_padding_tablet=&#8221;0px||||false|false&#8221; custom_padding_phone=&#8221;0px||||false|false&#8221; global_colors_info=&#8221;{}&#8221;][et_pb_column type=&#8221;2_5&#8243; _builder_version=&#8221;4.22.1&#8243; _module_preset=&#8221;default&#8221; global_colors_info=&#8221;{}&#8221;][\/et_pb_column][et_pb_column type=&#8221;3_5&#8243; _builder_version=&#8221;4.22.1&#8243; _module_preset=&#8221;default&#8221; background_color=&#8221;gcid-fb7185f0-febc-426c-87a9-b6e9798849ab&#8221; custom_padding=&#8221;40px|40px|40px|40px|true|true&#8221; custom_padding_tablet=&#8221;30px|30px|30px|30px|true|true&#8221; custom_padding_phone=&#8221;20px|20px|20px|20px|true|true&#8221; custom_padding_last_edited=&#8221;on|desktop&#8221; global_colors_info=&#8221;{%22gcid-fb7185f0-febc-426c-87a9-b6e9798849ab%22:%91%22background_color%22%93}&#8221;][et_pb_text _builder_version=&#8221;4.22.1&#8243; _module_preset=&#8221;f68b82f2-a602-4cab-9ae4-5a481c9e5aae&#8221; header_2_text_color=&#8221;#FFFFFF&#8221; custom_margin=&#8221;||10px||false|false&#8221; global_colors_info=&#8221;{}&#8221;]<\/p>\n<h2>varaa aika<\/h2>\n<p>[\/et_pb_text][et_pb_text _builder_version=&#8221;4.27.0&#8243; _module_preset=&#8221;d095e81d-5aa0-4bbd-b133-064508788f3a&#8221; text_text_color=&#8221;#FFFFFF&#8221; global_colors_info=&#8221;{}&#8221;]<\/p>\n<p>Ratkaisukeskeiseen lyhytterapiaan on t\u00e4ll\u00e4 hetkell\u00e4 vapaita paikkoja ja ensimm\u00e4inen tapaaminen voidaan sopia heti.<\/p>\n<p>[\/et_pb_text][et_pb_button button_url=&#8221;https:\/\/www.uusinakyma.fi\/index.php\/yhteystiedot-2\/&#8221; button_text=&#8221;Ota yhteytt\u00e4&#8221; _builder_version=&#8221;4.27.3&#8243; _module_preset=&#8221;81f86f66-e345-460f-99d6-925651760997&#8243; global_colors_info=&#8221;{}&#8221;][\/et_pb_button][\/et_pb_column][\/et_pb_row][\/et_pb_section]<\/p>\n","protected":false},"excerpt":{"rendered":"<p>Ratkaisukeskeinen lyhytterapia &nbsp;Ratkaisukeskeisess\u00e4 lyhytterapiassa tavoitteina ovat aidosti k\u00e4yt\u00e4nn\u00f6ntasolla tapahtuvat ajattelun ja toiminnan muutokset. Ongelmia yll\u00e4pit\u00e4v\u00e4t tukipuut katkaistaan ja luodaan jotain parempaa tilalle. El\u00e4m\u00e4\u00e4n ja ihmisyyteen suhtaudutaan maanl\u00e4heisesti. Ratkaisukeskeisyydess\u00e4 ollaan my\u00f6s erityisen kiinnostuneita voimavaroista, vahvuuksista ja toiveikkuutta lis\u00e4\u00e4vist\u00e4 tekij\u00f6ist\u00e4. Ty\u00f6skentely\u00e4 leimaa usein jopa ilo, optimismi ja keveys. Terapian pituus on tavallisesti vain 3-20 kertaa.Yhden tapaamisen kesto [&hellip;]<\/p>\n","protected":false},"author":1,"featured_media":0,"parent":0,"menu_order":0,"comment_status":"closed","ping_status":"closed","template":"","meta":{"_et_pb_use_builder":"on","_et_pb_old_content":"","_et_gb_content_width":"","footnotes":""},"_links":{"self":[{"href":"https:\/\/www.uusinakyma.fi\/index.php\/wp-json\/wp\/v2\/pages\/197"}],"collection":[{"href":"https:\/\/www.uusinakyma.fi\/index.php\/wp-json\/wp\/v2\/pages"}],"about":[{"href":"https:\/\/www.uusinakyma.fi\/index.php\/wp-json\/wp\/v2\/types\/page"}],"author":[{"embeddable":true,"href":"https:\/\/www.uusinakyma.fi\/index.php\/wp-json\/wp\/v2\/users\/1"}],"replies":[{"embeddable":true,"href":"https:\/\/www.uusinakyma.fi\/index.php\/wp-json\/wp\/v2\/comments?post=197"}],"version-history":[{"count":66,"href":"https:\/\/www.uusinakyma.fi\/index.php\/wp-json\/wp\/v2\/pages\/197\/revisions"}],"predecessor-version":[{"id":899,"href":"https:\/\/www.uusinakyma.fi\/index.php\/wp-json\/wp\/v2\/pages\/197\/revisions\/899"}],"wp:attachment":[{"href":"https:\/\/www.uusinakyma.fi\/index.php\/wp-json\/wp\/v2\/media?parent=197"}],"curies":[{"name":"wp","href":"https:\/\/api.w.org\/{rel}","templated":true}]}}