{"id":585,"date":"2024-11-14T10:35:45","date_gmt":"2024-11-14T10:35:45","guid":{"rendered":"http:\/\/www.uusinakyma.fi\/?page_id=585"},"modified":"2025-08-02T10:49:31","modified_gmt":"2025-08-02T10:49:31","slug":"hinnasto","status":"publish","type":"page","link":"https:\/\/www.uusinakyma.fi\/index.php\/hinnasto\/","title":{"rendered":"Hinnasto"},"content":{"rendered":"<p>[et_pb_section fb_built=&#8221;1&#8243; admin_label=&#8221;Header&#8221; _builder_version=&#8221;4.22.1&#8243; _module_preset=&#8221;default&#8221; custom_padding=&#8221;||0px||false|false&#8221; locked=&#8221;off&#8221; collapsed=&#8221;on&#8221; global_colors_info=&#8221;{}&#8221;][et_pb_row _builder_version=&#8221;4.22.1&#8243; _module_preset=&#8221;default&#8221; global_colors_info=&#8221;{}&#8221;][et_pb_column type=&#8221;4_4&#8243; _builder_version=&#8221;4.22.1&#8243; _module_preset=&#8221;default&#8221; global_colors_info=&#8221;{}&#8221;][et_pb_text _builder_version=&#8221;4.22.1&#8243; _module_preset=&#8221;7b5ce684-ee80-451a-a853-43b751e0fa19&#8243; header_text_color=&#8221;#000000&#8243; custom_margin=&#8221;||10px||false|false&#8221; custom_padding=&#8221;||34px|||&#8221; locked=&#8221;off&#8221; global_colors_info=&#8221;{}&#8221;]<\/p>\n<h1>hinnasto<\/h1>\n<p>&nbsp;<\/p>\n<p>[\/et_pb_text][et_pb_text _builder_version=&#8221;4.22.1&#8243; _module_preset=&#8221;a6a2ffd8-956d-4885-a2a5-f143b2d8792c&#8221; text_orientation=&#8221;center&#8221; min_height=&#8221;84.2px&#8221; custom_margin=&#8221;38px||-60px|||&#8221; custom_padding=&#8221;0px||18px|||&#8221; global_colors_info=&#8221;{}&#8221;]<\/p>\n<h2>Ratkaisukeskeinen lyhytterapia<\/h2>\n<p>&nbsp;<\/p>\n<p>[\/et_pb_text][\/et_pb_column][\/et_pb_row][\/et_pb_section][et_pb_section fb_built=&#8221;1&#8243; admin_label=&#8221;Pricing&#8221; _builder_version=&#8221;4.22.1&#8243; _module_preset=&#8221;default&#8221; custom_margin=&#8221;||-77px|||&#8221; custom_padding=&#8221;0px|||||&#8221; hover_enabled=&#8221;0&#8243; collapsed=&#8221;on&#8221; global_colors_info=&#8221;{}&#8221; sticky_enabled=&#8221;0&#8243;][et_pb_row column_structure=&#8221;1_2,1_2&#8243; use_custom_gutter=&#8221;on&#8221; gutter_width=&#8221;2&#8243; _builder_version=&#8221;4.27.2&#8243; _module_preset=&#8221;default&#8221; min_height=&#8221;623.1px&#8221; custom_margin=&#8221;-35px|auto|-57px|auto||&#8221; custom_padding=&#8221;26px||81px|||&#8221; hover_enabled=&#8221;0&#8243; global_colors_info=&#8221;{}&#8221; sticky_enabled=&#8221;0&#8243;][et_pb_column type=&#8221;1_2&#8243; _builder_version=&#8221;4.22.1&#8243; _module_preset=&#8221;default&#8221; background_color=&#8221;gcid-fb7185f0-febc-426c-87a9-b6e9798849ab&#8221; custom_padding=&#8221;60px|40px|60px|40px|true|true&#8221; custom_padding_tablet=&#8221;40px|30px|40px|30px|true|true&#8221; custom_padding_phone=&#8221;30px||30px||true|true&#8221; custom_padding_last_edited=&#8221;on|tablet&#8221; hover_enabled=&#8221;0&#8243; global_colors_info=&#8221;{%22gcid-fb7185f0-febc-426c-87a9-b6e9798849ab%22:%91%22background_color%22%93}&#8221; sticky_enabled=&#8221;0&#8243;][et_pb_text _builder_version=&#8221;4.27.2&#8243; _module_preset=&#8221;238c7efa-8db7-4523-80f4-537135e34840&#8243; header_5_text_color=&#8221;#FFFFFF&#8221; custom_margin=&#8221;||10px||false|false&#8221; global_colors_info=&#8221;{}&#8221;]<\/p>\n<h5>YKSI TAPAAMINEN<\/h5>\n<p>[\/et_pb_text][et_pb_text _builder_version=&#8221;4.27.2&#8243; _module_preset=&#8221;a6a2ffd8-956d-4885-a2a5-f143b2d8792c&#8221; header_2_text_color=&#8221;#FFFFFF&#8221; global_colors_info=&#8221;{}&#8221;]<\/p>\n<h2><b>65\u20ac<\/b><span>\u00a0<\/span><\/h2>\n<p>[\/et_pb_text][et_pb_blurb use_icon=&#8221;on&#8221; font_icon=&#8221;&#xf00c;||fa||900&#8243; icon_color=&#8221;#FFFFFF&#8221; _builder_version=&#8221;4.27.3&#8243; _module_preset=&#8221;49026394-42a5-477c-ac2e-655be4cc6d8b&#8221; body_text_color=&#8221;#FFFFFF&#8221; custom_margin=&#8221;||10px||false|false&#8221; custom_padding=&#8221;||||false|false&#8221; hover_enabled=&#8221;0&#8243; locked=&#8221;off&#8221; global_colors_info=&#8221;{}&#8221; sticky_enabled=&#8221;0&#8243;]<\/p>\n<p>Yksi 45 min terapiatapaaminen et\u00e4n\u00e4.<\/p>\n<p>[\/et_pb_blurb][et_pb_button button_url=&#8221;https:\/\/www.uusinakyma.fi\/index.php\/yhteystiedot-2\/&#8221; button_text=&#8221;Varaa aikasi&#8221; _builder_version=&#8221;4.27.3&#8243; _module_preset=&#8221;aa12ab90-6647-4860-8a9b-928e75f05bcc&#8221; custom_margin=&#8221;30px||||false|false&#8221; global_colors_info=&#8221;{}&#8221;][\/et_pb_button][\/et_pb_column][et_pb_column type=&#8221;1_2&#8243; _builder_version=&#8221;4.22.1&#8243; _module_preset=&#8221;default&#8221; background_color=&#8221;#000000&#8243; custom_padding=&#8221;60px|40px|60px|40px|true|true&#8221; custom_padding_tablet=&#8221;40px|30px|40px|30px|true|true&#8221; custom_padding_phone=&#8221;30px||30px||true|true&#8221; custom_padding_last_edited=&#8221;on|tablet&#8221; global_colors_info=&#8221;{}&#8221;][et_pb_text _builder_version=&#8221;4.27.2&#8243; _module_preset=&#8221;238c7efa-8db7-4523-80f4-537135e34840&#8243; header_5_text_color=&#8221;#FFFFFF&#8221; custom_margin=&#8221;||10px||false|false&#8221; global_colors_info=&#8221;{}&#8221;]<\/p>\n<h5>VIIDEN TAPAAMISEN SETTI<\/h5>\n<p>[\/et_pb_text][et_pb_text _builder_version=&#8221;4.22.1&#8243; _module_preset=&#8221;a6a2ffd8-956d-4885-a2a5-f143b2d8792c&#8221; header_2_text_color=&#8221;gcid-0a41bebc-0107-48f7-8173-6190cad71074&#8243; global_colors_info=&#8221;{%22gcid-0a41bebc-0107-48f7-8173-6190cad71074%22:%91%22header_2_text_color%22%93}&#8221;]<\/p>\n<h2><b>300\u20ac<\/b><span>\u00a0<\/span><\/h2>\n<p>[\/et_pb_text][et_pb_blurb use_icon=&#8221;on&#8221; font_icon=&#8221;&#xf00c;||fa||900&#8243; icon_color=&#8221;gcid-0a41bebc-0107-48f7-8173-6190cad71074&#8243; _builder_version=&#8221;4.27.3&#8243; _module_preset=&#8221;49026394-42a5-477c-ac2e-655be4cc6d8b&#8221; body_text_color=&#8221;#FFFFFF&#8221; custom_margin=&#8221;||10px||false|false&#8221; custom_padding=&#8221;||||false|false&#8221; hover_enabled=&#8221;0&#8243; locked=&#8221;off&#8221; global_colors_info=&#8221;{%22gcid-0a41bebc-0107-48f7-8173-6190cad71074%22:%91%22icon_color%22%93}&#8221; sticky_enabled=&#8221;0&#8243;]<\/p>\n<p>Viisi 45 min terapiatapaamista et\u00e4n\u00e4.<\/p>\n<p>[\/et_pb_blurb][et_pb_button button_url=&#8221;https:\/\/www.uusinakyma.fi\/index.php\/yhteystiedot-2\/&#8221; button_text=&#8221;Varaa aikasi&#8221; _builder_version=&#8221;4.27.3&#8243; _module_preset=&#8221;d46beb5d-4628-460a-bae8-16cbcc790533&#8243; custom_margin=&#8221;30px||||false|false&#8221; global_colors_info=&#8221;{}&#8221;][\/et_pb_button][\/et_pb_column][\/et_pb_row][et_pb_row _builder_version=&#8221;4.22.1&#8243; _module_preset=&#8221;default&#8221; global_colors_info=&#8221;{}&#8221;][et_pb_column type=&#8221;4_4&#8243; _builder_version=&#8221;4.22.1&#8243; _module_preset=&#8221;default&#8221; global_colors_info=&#8221;{}&#8221;][et_pb_text _builder_version=&#8221;4.22.1&#8243; _module_preset=&#8221;a6a2ffd8-956d-4885-a2a5-f143b2d8792c&#8221; text_orientation=&#8221;center&#8221; min_height=&#8221;46.4px&#8221; custom_margin=&#8221;-19px||0px|||&#8221; custom_padding=&#8221;0px||5px|||&#8221; global_colors_info=&#8221;{}&#8221;]<\/p>\n<h2>musta tulee aikuinen!<\/h2>\n<p>[\/et_pb_text][\/et_pb_column][\/et_pb_row][et_pb_row use_custom_gutter=&#8221;on&#8221; gutter_width=&#8221;2&#8243; _builder_version=&#8221;4.27.2&#8243; _module_preset=&#8221;default&#8221; min_height=&#8221;668.1px&#8221; custom_margin=&#8221;-116px|auto||auto||&#8221; custom_padding=&#8221;26px|||||&#8221; global_colors_info=&#8221;{}&#8221;][et_pb_column type=&#8221;4_4&#8243; _builder_version=&#8221;4.22.1&#8243; _module_preset=&#8221;default&#8221; background_color=&#8221;gcid-fb7185f0-febc-426c-87a9-b6e9798849ab&#8221; custom_padding=&#8221;60px|40px|60px|40px|true|true&#8221; custom_padding_tablet=&#8221;40px|30px|40px|30px|true|true&#8221; custom_padding_phone=&#8221;30px||30px||true|true&#8221; custom_padding_last_edited=&#8221;on|tablet&#8221; global_colors_info=&#8221;{%22gcid-fb7185f0-febc-426c-87a9-b6e9798849ab%22:%91%22background_color%22%93}&#8221;][et_pb_text _builder_version=&#8221;4.27.2&#8243; _module_preset=&#8221;238c7efa-8db7-4523-80f4-537135e34840&#8243; header_5_text_color=&#8221;#FFFFFF&#8221; custom_margin=&#8221;||10px||false|false&#8221; global_colors_info=&#8221;{}&#8221;]<\/p>\n<h5>kuuden tapaamiskerran tutkimusmatka<\/h5>\n<p>[\/et_pb_text][et_pb_text _builder_version=&#8221;4.27.2&#8243; _module_preset=&#8221;a6a2ffd8-956d-4885-a2a5-f143b2d8792c&#8221; header_2_text_color=&#8221;#FFFFFF&#8221; global_colors_info=&#8221;{}&#8221;]<\/p>\n<h2><b>480\u20ac<\/b><span>\u00a0<\/span><\/h2>\n<p>[\/et_pb_text][et_pb_blurb use_icon=&#8221;on&#8221; font_icon=&#8221;&#xf00c;||fa||900&#8243; icon_color=&#8221;#FFFFFF&#8221; _builder_version=&#8221;4.27.2&#8243; _module_preset=&#8221;49026394-42a5-477c-ac2e-655be4cc6d8b&#8221; body_text_color=&#8221;#FFFFFF&#8221; custom_margin=&#8221;||10px||false|false&#8221; custom_padding=&#8221;||||false|false&#8221; locked=&#8221;off&#8221; global_colors_info=&#8221;{}&#8221;]<\/p>\n<p>Yhden tapaamisen kesto noin 45min.<\/p>\n<p>[\/et_pb_blurb][et_pb_blurb use_icon=&#8221;on&#8221; font_icon=&#8221;&#xf00c;||fa||900&#8243; icon_color=&#8221;#FFFFFF&#8221; _builder_version=&#8221;4.27.3&#8243; _module_preset=&#8221;49026394-42a5-477c-ac2e-655be4cc6d8b&#8221; body_text_color=&#8221;#FFFFFF&#8221; custom_margin=&#8221;||10px||false|false&#8221; custom_padding=&#8221;||||false|false&#8221; hover_enabled=&#8221;0&#8243; locked=&#8221;off&#8221; global_colors_info=&#8221;{}&#8221; sticky_enabled=&#8221;0&#8243;]<\/p>\n<p>Tapaamiset voidaan pit\u00e4\u00e4 nuorelle sopivassa rauhallisessa paikassa tai ty\u00f6huoneellani Pyht\u00e4\u00e4n Huutj\u00e4rvell\u00e4.<br \/>My\u00f6s et\u00e4yhteys mahdollinen.<\/p>\n<p>[\/et_pb_blurb][et_pb_blurb use_icon=&#8221;on&#8221; font_icon=&#8221;&#xf00c;||fa||900&#8243; icon_color=&#8221;#FFFFFF&#8221; _builder_version=&#8221;4.27.2&#8243; _module_preset=&#8221;49026394-42a5-477c-ac2e-655be4cc6d8b&#8221; body_text_color=&#8221;#FFFFFF&#8221; custom_margin=&#8221;||10px||false|false&#8221; custom_padding=&#8221;||||false|false&#8221; locked=&#8221;off&#8221; global_colors_info=&#8221;{}&#8221;]<\/p>\n<p>Tapaamisten tiheys mahdollista rytmitt\u00e4\u00e4 joustavasti.<\/p>\n<p>[\/et_pb_blurb][et_pb_blurb use_icon=&#8221;on&#8221; font_icon=&#8221;&#xf00c;||fa||900&#8243; icon_color=&#8221;#FFFFFF&#8221; _builder_version=&#8221;4.27.2&#8243; _module_preset=&#8221;49026394-42a5-477c-ac2e-655be4cc6d8b&#8221; body_text_color=&#8221;#FFFFFF&#8221; custom_margin=&#8221;||10px||false|false&#8221; custom_padding=&#8221;||||false|false&#8221; locked=&#8221;off&#8221; global_colors_info=&#8221;{}&#8221;]<\/p>\n<p>Tutkimusmatkan loputtua mahdollista sopia lis\u00e4tukea jatkoon terapiatapaamisten hinnalla.<\/p>\n<p>[\/et_pb_blurb][et_pb_button button_url=&#8221;https:\/\/www.uusinakyma.fi\/index.php\/yhteystiedot-2\/&#8221; button_text=&#8221;Varaa aikasi&#8221; _builder_version=&#8221;4.27.3&#8243; _module_preset=&#8221;aa12ab90-6647-4860-8a9b-928e75f05bcc&#8221; custom_margin=&#8221;30px||||false|false&#8221; global_colors_info=&#8221;{}&#8221;][\/et_pb_button][\/et_pb_column][\/et_pb_row][\/et_pb_section][et_pb_section fb_built=&#8221;1&#8243; admin_label=&#8221;Call to Action&#8221; _builder_version=&#8221;4.23.2&#8243; _module_preset=&#8221;default&#8221; background_color=&#8221;gcid-0a41bebc-0107-48f7-8173-6190cad71074&#8243; background_enable_image=&#8221;off&#8221; background_enable_pattern_style=&#8221;on&#8221; background_pattern_style=&#8221;honeycomb&#8221; background_pattern_color=&#8221;rgba(0,0,0,0.03)&#8221; collapsed=&#8221;on&#8221; global_colors_info=&#8221;{%22gcid-0a41bebc-0107-48f7-8173-6190cad71074%22:%91%22background_color%22%93}&#8221;][et_pb_row _builder_version=&#8221;4.22.1&#8243; _module_preset=&#8221;default&#8221; global_colors_info=&#8221;{}&#8221;][et_pb_column type=&#8221;4_4&#8243; _builder_version=&#8221;4.22.1&#8243; _module_preset=&#8221;default&#8221; global_colors_info=&#8221;{}&#8221;][et_pb_text _builder_version=&#8221;4.23.2&#8243; _module_preset=&#8221;5c71a9b0-385b-4b8c-b51c-03b9a1f27d78&#8243; header_2_text_color=&#8221;#000000&#8243; text_orientation=&#8221;center&#8221; custom_margin=&#8221;||10px||false|false&#8221; global_colors_info=&#8221;{}&#8221;]<\/p>\n<h2>tervetuloa!<\/h2>\n<p>[\/et_pb_text][et_pb_text _builder_version=&#8221;4.27.2&#8243; _module_preset=&#8221;577f0689-6e0d-4962-8090-739e8bb30c8d&#8221; text_text_color=&#8221;#000000&#8243; header_3_text_color=&#8221;#000000&#8243; text_orientation=&#8221;center&#8221; global_colors_info=&#8221;{}&#8221;][\/et_pb_text][et_pb_button button_url=&#8221;https:\/\/www.uusinakyma.fi\/index.php\/yhteystiedot-2\/&#8221; button_text=&#8221;Ota yhteytt\u00e4&#8221; button_alignment=&#8221;center&#8221; _builder_version=&#8221;4.27.3&#8243; _module_preset=&#8221;aa12ab90-6647-4860-8a9b-928e75f05bcc&#8221; global_colors_info=&#8221;{}&#8221;][\/et_pb_button][\/et_pb_column][\/et_pb_row][\/et_pb_section]<\/p>\n","protected":false},"excerpt":{"rendered":"<p>hinnasto &nbsp;Ratkaisukeskeinen lyhytterapia &nbsp;YKSI TAPAAMINEN65\u20ac\u00a0Yksi 45 min terapiatapaaminen et\u00e4n\u00e4.VIIDEN TAPAAMISEN SETTI300\u20ac\u00a0Viisi 45 min terapiatapaamista et\u00e4n\u00e4.musta tulee aikuinen!kuuden tapaamiskerran tutkimusmatka480\u20ac\u00a0Yhden tapaamisen kesto noin 45min.Tapaamiset voidaan pit\u00e4\u00e4 nuorelle sopivassa rauhallisessa paikassa tai ty\u00f6huoneellani Pyht\u00e4\u00e4n Huutj\u00e4rvell\u00e4.My\u00f6s et\u00e4yhteys mahdollinen.Tapaamisten tiheys mahdollista rytmitt\u00e4\u00e4 joustavasti.Tutkimusmatkan loputtua mahdollista sopia lis\u00e4tukea jatkoon terapiatapaamisten hinnalla.tervetuloa!<\/p>\n","protected":false},"author":1,"featured_media":0,"parent":0,"menu_order":0,"comment_status":"closed","ping_status":"closed","template":"","meta":{"_et_pb_use_builder":"on","_et_pb_old_content":"","_et_gb_content_width":"","footnotes":""},"_links":{"self":[{"href":"https:\/\/www.uusinakyma.fi\/index.php\/wp-json\/wp\/v2\/pages\/585"}],"collection":[{"href":"https:\/\/www.uusinakyma.fi\/index.php\/wp-json\/wp\/v2\/pages"}],"about":[{"href":"https:\/\/www.uusinakyma.fi\/index.php\/wp-json\/wp\/v2\/types\/page"}],"author":[{"embeddable":true,"href":"https:\/\/www.uusinakyma.fi\/index.php\/wp-json\/wp\/v2\/users\/1"}],"replies":[{"embeddable":true,"href":"https:\/\/www.uusinakyma.fi\/index.php\/wp-json\/wp\/v2\/comments?post=585"}],"version-history":[{"count":28,"href":"https:\/\/www.uusinakyma.fi\/index.php\/wp-json\/wp\/v2\/pages\/585\/revisions"}],"predecessor-version":[{"id":894,"href":"https:\/\/www.uusinakyma.fi\/index.php\/wp-json\/wp\/v2\/pages\/585\/revisions\/894"}],"wp:attachment":[{"href":"https:\/\/www.uusinakyma.fi\/index.php\/wp-json\/wp\/v2\/media?parent=585"}],"curies":[{"name":"wp","href":"https:\/\/api.w.org\/{rel}","templated":true}]}}