{"id":59,"date":"2024-11-14T10:30:21","date_gmt":"2024-11-14T10:30:21","guid":{"rendered":"http:\/\/www.uusinakyma.fi\/?page_id=59"},"modified":"2025-08-02T10:54:37","modified_gmt":"2025-08-02T10:54:37","slug":"etusivu","status":"publish","type":"page","link":"https:\/\/www.uusinakyma.fi\/","title":{"rendered":"Etusivu"},"content":{"rendered":"<p>[et_pb_section fb_built=&#8221;1&#8243; admin_label=&#8221;Header&#8221; _builder_version=&#8221;4.27.2&#8243; _module_preset=&#8221;default&#8221; use_background_color_gradient=&#8221;on&#8221; background_color_gradient_direction=&#8221;90deg&#8221; background_color_gradient_stops=&#8221;#000000 0%|rgba(0,0,0,0.47) 100%&#8221; background_color_gradient_overlays_image=&#8221;on&#8221; background_image=&#8221;http:\/\/www.uusinakyma.fi\/wp-content\/uploads\/2024\/11\/iStock-1044567998-scaled.jpg&#8221; background_position=&#8221;bottom_left&#8221; background_blend=&#8221;lighten&#8221; transform_origin=&#8221;82%|46%&#8221; custom_padding=&#8221;0px||0px||true|false&#8221; collapsed=&#8221;on&#8221; global_colors_info=&#8221;{}&#8221;][et_pb_row _builder_version=&#8221;4.25.1&#8243; _module_preset=&#8221;default&#8221; background_image=&#8221;http:\/\/www.uusinakyma.fi\/wp-content\/uploads\/2024\/05\/test2.png&#8221; width=&#8221;100%&#8221; max_width=&#8221;none&#8221; custom_padding=&#8221;15vw|10%|15vw|10%|true|true&#8221; global_colors_info=&#8221;{}&#8221;][et_pb_column type=&#8221;4_4&#8243; _builder_version=&#8221;4.22.1&#8243; _module_preset=&#8221;default&#8221; global_colors_info=&#8221;{}&#8221;][et_pb_text _builder_version=&#8221;4.23.2&#8243; _module_preset=&#8221;d8e49969-b28a-43e8-86bf-4ac67372aa45&#8243; header_text_color=&#8221;#000000&#8243; width=&#8221;60%&#8221; custom_margin=&#8221;||10px||false|false&#8221; header_font_size_tablet=&#8221;5vw&#8221; header_font_size_phone=&#8221;5vw&#8221; header_font_size_last_edited=&#8221;off|phone&#8221; global_colors_info=&#8221;{}&#8221;]<\/p>\n<h1>UUSI N\u00c4KYM\u00c4<\/h1>\n<p>[\/et_pb_text][et_pb_button button_url=&#8221;https:\/\/www.uusinakyma.fi\/index.php\/yhteystiedot-2\/&#8221; button_text=&#8221;Varaa aikasi&#8221; _builder_version=&#8221;4.27.3&#8243; _module_preset=&#8221;9a5bb21c-32bf-487a-b303-a85eaaef61ee&#8221; global_colors_info=&#8221;{}&#8221;][\/et_pb_button][\/et_pb_column][\/et_pb_row][\/et_pb_section][et_pb_section fb_built=&#8221;1&#8243; admin_label=&#8221;Programs&#8221; _builder_version=&#8221;4.22.1&#8243; _module_preset=&#8221;default&#8221; background_color=&#8221;#000000&#8243; collapsed=&#8221;on&#8221; global_colors_info=&#8221;{}&#8221;][et_pb_row _builder_version=&#8221;4.22.1&#8243; _module_preset=&#8221;default&#8221; global_colors_info=&#8221;{}&#8221;][et_pb_column type=&#8221;4_4&#8243; _builder_version=&#8221;4.22.1&#8243; _module_preset=&#8221;default&#8221; global_colors_info=&#8221;{}&#8221;][et_pb_text _builder_version=&#8221;4.22.1&#8243; _module_preset=&#8221;6e3cb80d-306b-4a47-9850-23b4ca2ba788&#8243; header_2_text_color=&#8221;#FFFFFF&#8221; global_colors_info=&#8221;{}&#8221;]<\/p>\n<h2>palvelut<\/h2>\n<p>[\/et_pb_text][\/et_pb_column][\/et_pb_row][et_pb_row column_structure=&#8221;1_2,1_4,1_4&#8243; _builder_version=&#8221;4.23.2&#8243; _module_preset=&#8221;default&#8221; custom_padding=&#8221;|0px||0px|false|true&#8221; border_color_all=&#8221;rgba(255,255,255,0.24)&#8221; border_width_top=&#8221;1px&#8221; global_colors_info=&#8221;{}&#8221; background__hover_enabled=&#8221;on|hover&#8221; background_pattern_style__hover=&#8221;honeycomb&#8221; background_enable_pattern_style__hover=&#8221;on&#8221; background_pattern_color__hover=&#8221;rgba(255,255,255,0.12)&#8221; background_pattern_size__hover=&#8221;custom&#8221; background_pattern_width__hover=&#8221;56px&#8221;][et_pb_column type=&#8221;1_2&#8243; _builder_version=&#8221;4.22.1&#8243; _module_preset=&#8221;default&#8221; global_colors_info=&#8221;{}&#8221;][et_pb_text _builder_version=&#8221;4.27.3&#8243; _module_preset=&#8221;46d0c58c-674b-47f9-b23b-1692a400e4d4&#8243; header_2_text_color=&#8221;gcid-0a41bebc-0107-48f7-8173-6190cad71074&#8243; link_option_url=&#8221;https:\/\/www.uusinakyma.fi\/index.php\/ratkaisukeskeinen-lyhytterapia\/&#8221; global_colors_info=&#8221;{%22gcid-0a41bebc-0107-48f7-8173-6190cad71074%22:%91%22header_2_text_color%22%93}&#8221;]<\/p>\n<h2>Ratkaisukeskeinen LYHYTTERAPIA<\/h2>\n<p>[\/et_pb_text][\/et_pb_column][et_pb_column type=&#8221;1_4&#8243; _builder_version=&#8221;4.22.1&#8243; _module_preset=&#8221;default&#8221; global_colors_info=&#8221;{}&#8221;][et_pb_text _builder_version=&#8221;4.27.3&#8243; _module_preset=&#8221;95cbcfec-3ca4-435d-a51d-7e3dba3a7982&#8243; text_text_color=&#8221;#FFFFFF&#8221; hover_enabled=&#8221;0&#8243; global_colors_info=&#8221;{}&#8221; sticky_enabled=&#8221;0&#8243;]<\/p>\n<p>Ratkaisukeskeinen lyhytterapia sis\u00e4lt\u00e4\u00e4 tavallisesti 3-20 tapaamiskertaa. T\u00e4ll\u00e4 hetkell\u00e4 ei jonotusaikaa. Vastaanotto et\u00e4n\u00e4.<\/p>\n<p>[\/et_pb_text][\/et_pb_column][et_pb_column type=&#8221;1_4&#8243; _builder_version=&#8221;4.22.1&#8243; _module_preset=&#8221;default&#8221; global_colors_info=&#8221;{}&#8221;][et_pb_icon font_icon=&#8221;&#x24;||divi||400&#8243; icon_color=&#8221;#FFFFFF&#8221; icon_width=&#8221;48px&#8221; url=&#8221;https:\/\/www.uusinakyma.fi\/index.php\/ratkaisukeskeinen-lyhytterapia\/&#8221; align=&#8221;right&#8221; _builder_version=&#8221;4.27.3&#8243; _module_preset=&#8221;default&#8221; global_colors_info=&#8221;{}&#8221; icon_color__hover_enabled=&#8221;on|hover&#8221; icon_color__hover=&#8221;#DCFF77&#8243; transform_styles__hover_enabled=&#8221;on|hover&#8221; transform_scale__hover_enabled=&#8221;on|hover&#8221; transform_translate__hover_enabled=&#8221;on|hover&#8221; transform_rotate__hover_enabled=&#8221;on|hover&#8221; transform_skew__hover_enabled=&#8221;on|hover&#8221; transform_origin__hover_enabled=&#8221;on|hover&#8221; transform_scale__hover=&#8221;122%|122%&#8221;][\/et_pb_icon][\/et_pb_column][\/et_pb_row][et_pb_row column_structure=&#8221;1_2,1_4,1_4&#8243; _builder_version=&#8221;4.22.1&#8243; _module_preset=&#8221;default&#8221; custom_padding=&#8221;|0px||0px|false|true&#8221; border_color_all=&#8221;rgba(255,255,255,0.24)&#8221; border_width_top=&#8221;1px&#8221; global_colors_info=&#8221;{}&#8221; background__hover_enabled=&#8221;on|hover&#8221; background_enable_pattern_style__hover=&#8221;on&#8221; background_pattern_style__hover=&#8221;honeycomb&#8221; background_pattern_color__hover=&#8221;rgba(255,255,255,0.12)&#8221; background_pattern_size__hover=&#8221;custom&#8221; background_pattern_width__hover=&#8221;56px&#8221;][et_pb_column type=&#8221;1_2&#8243; _builder_version=&#8221;4.22.1&#8243; _module_preset=&#8221;default&#8221; global_colors_info=&#8221;{}&#8221;][et_pb_text _builder_version=&#8221;4.27.3&#8243; _module_preset=&#8221;46d0c58c-674b-47f9-b23b-1692a400e4d4&#8243; header_2_text_color=&#8221;gcid-0a41bebc-0107-48f7-8173-6190cad71074&#8243; link_option_url=&#8221;https:\/\/www.uusinakyma.fi\/index.php\/walkinit\/&#8221; global_colors_info=&#8221;{%22gcid-0a41bebc-0107-48f7-8173-6190cad71074%22:%91%22header_2_text_color%22%93}&#8221;]<\/p>\n<h2>WALK IN -P\u00e4iv\u00e4t<\/h2>\n<p>[\/et_pb_text][\/et_pb_column][et_pb_column type=&#8221;1_4&#8243; _builder_version=&#8221;4.22.1&#8243; _module_preset=&#8221;default&#8221; global_colors_info=&#8221;{}&#8221;][et_pb_text _builder_version=&#8221;4.25.1&#8243; _module_preset=&#8221;95cbcfec-3ca4-435d-a51d-7e3dba3a7982&#8243; text_text_color=&#8221;#FFFFFF&#8221; global_colors_info=&#8221;{}&#8221;]<\/p>\n<p>Tulossa walk in -p\u00e4ivi\u00e4 pitkin Suomea! N\u00e4iss\u00e4 tarjolla yhden k\u00e4yntikerran terapiaa tunnetulla single session -metodilla.<\/p>\n<p>[\/et_pb_text][\/et_pb_column][et_pb_column type=&#8221;1_4&#8243; _builder_version=&#8221;4.22.1&#8243; _module_preset=&#8221;default&#8221; global_colors_info=&#8221;{}&#8221;][et_pb_icon font_icon=&#8221;&#x24;||divi||400&#8243; icon_color=&#8221;#FFFFFF&#8221; icon_width=&#8221;48px&#8221; url=&#8221;https:\/\/www.uusinakyma.fi\/index.php\/walkinit\/&#8221; align=&#8221;right&#8221; _builder_version=&#8221;4.27.3&#8243; _module_preset=&#8221;default&#8221; locked=&#8221;off&#8221; global_colors_info=&#8221;{}&#8221; icon_color__hover_enabled=&#8221;on|hover&#8221; icon_color__hover=&#8221;#DCFF77&#8243; transform_styles__hover_enabled=&#8221;on|hover&#8221; transform_scale__hover_enabled=&#8221;on|hover&#8221; transform_translate__hover_enabled=&#8221;on|hover&#8221; transform_rotate__hover_enabled=&#8221;on|hover&#8221; transform_skew__hover_enabled=&#8221;on|hover&#8221; transform_origin__hover_enabled=&#8221;on|hover&#8221; transform_scale__hover=&#8221;122%|122%&#8221;][\/et_pb_icon][\/et_pb_column][\/et_pb_row][et_pb_row column_structure=&#8221;1_2,1_4,1_4&#8243; _builder_version=&#8221;4.22.1&#8243; _module_preset=&#8221;default&#8221; custom_padding=&#8221;|0px||0px|false|true&#8221; border_color_all=&#8221;rgba(255,255,255,0.24)&#8221; border_width_top=&#8221;1px&#8221; global_colors_info=&#8221;{}&#8221; background__hover_enabled=&#8221;on|hover&#8221; background_enable_pattern_style__hover=&#8221;on&#8221; background_pattern_style__hover=&#8221;honeycomb&#8221; background_pattern_color__hover=&#8221;rgba(255,255,255,0.12)&#8221; background_pattern_size__hover=&#8221;custom&#8221; background_pattern_width__hover=&#8221;56px&#8221;][et_pb_column type=&#8221;1_2&#8243; _builder_version=&#8221;4.22.1&#8243; _module_preset=&#8221;default&#8221; global_colors_info=&#8221;{}&#8221;][et_pb_text _builder_version=&#8221;4.27.3&#8243; _module_preset=&#8221;46d0c58c-674b-47f9-b23b-1692a400e4d4&#8243; header_2_text_color=&#8221;gcid-0a41bebc-0107-48f7-8173-6190cad71074&#8243; link_option_url=&#8221;https:\/\/www.uusinakyma.fi\/index.php\/musta-tulee-aikuinen\/&#8221; global_colors_info=&#8221;{%22gcid-0a41bebc-0107-48f7-8173-6190cad71074%22:%91%22header_2_text_color%22%93}&#8221;]<\/p>\n<h2>MUSTA tulee aikuinen!<\/h2>\n<p>[\/et_pb_text][\/et_pb_column][et_pb_column type=&#8221;1_4&#8243; _builder_version=&#8221;4.22.1&#8243; _module_preset=&#8221;default&#8221; global_colors_info=&#8221;{}&#8221;][et_pb_text _builder_version=&#8221;4.27.3&#8243; _module_preset=&#8221;95cbcfec-3ca4-435d-a51d-7e3dba3a7982&#8243; text_text_color=&#8221;#FFFFFF&#8221; custom_padding=&#8221;||3px|||&#8221; hover_enabled=&#8221;0&#8243; global_colors_info=&#8221;{}&#8221; sticky_enabled=&#8221;0&#8243;]<\/p>\n<p>Nuorille suunnattu voimauttava tutkimusmatka, jolla etsit\u00e4\u00e4n omaa toivottua tulevaisuutta.<\/p>\n<p>[\/et_pb_text][\/et_pb_column][et_pb_column type=&#8221;1_4&#8243; _builder_version=&#8221;4.22.1&#8243; _module_preset=&#8221;default&#8221; global_colors_info=&#8221;{}&#8221;][et_pb_icon font_icon=&#8221;&#x24;||divi||400&#8243; icon_color=&#8221;#FFFFFF&#8221; icon_width=&#8221;48px&#8221; url=&#8221;https:\/\/www.uusinakyma.fi\/index.php\/musta-tulee-aikuinen\/&#8221; align=&#8221;right&#8221; _builder_version=&#8221;4.27.3&#8243; _module_preset=&#8221;default&#8221; locked=&#8221;off&#8221; global_colors_info=&#8221;{}&#8221; icon_color__hover_enabled=&#8221;on|hover&#8221; icon_color__hover=&#8221;#DCFF77&#8243; transform_styles__hover_enabled=&#8221;on|hover&#8221; transform_scale__hover_enabled=&#8221;on|hover&#8221; transform_translate__hover_enabled=&#8221;on|hover&#8221; transform_rotate__hover_enabled=&#8221;on|hover&#8221; transform_skew__hover_enabled=&#8221;on|hover&#8221; transform_origin__hover_enabled=&#8221;on|hover&#8221; transform_scale__hover=&#8221;122%|122%&#8221;][\/et_pb_icon][\/et_pb_column][\/et_pb_row][\/et_pb_section]<\/p>\n","protected":false},"excerpt":{"rendered":"<p>UUSI N\u00c4KYM\u00c4palvelutRatkaisukeskeinen LYHYTTERAPIARatkaisukeskeinen lyhytterapia sis\u00e4lt\u00e4\u00e4 tavallisesti 3-20 tapaamiskertaa. T\u00e4ll\u00e4 hetkell\u00e4 ei jonotusaikaa. Vastaanotto et\u00e4n\u00e4.WALK IN -P\u00e4iv\u00e4tTulossa walk in -p\u00e4ivi\u00e4 pitkin Suomea! N\u00e4iss\u00e4 tarjolla yhden k\u00e4yntikerran terapiaa tunnetulla single session -metodilla.MUSTA tulee aikuinen!Nuorille suunnattu voimauttava tutkimusmatka, jolla etsit\u00e4\u00e4n omaa toivottua tulevaisuutta.<\/p>\n","protected":false},"author":1,"featured_media":0,"parent":0,"menu_order":0,"comment_status":"closed","ping_status":"closed","template":"","meta":{"_et_pb_use_builder":"on","_et_pb_old_content":"","_et_gb_content_width":"","footnotes":""},"_links":{"self":[{"href":"https:\/\/www.uusinakyma.fi\/index.php\/wp-json\/wp\/v2\/pages\/59"}],"collection":[{"href":"https:\/\/www.uusinakyma.fi\/index.php\/wp-json\/wp\/v2\/pages"}],"about":[{"href":"https:\/\/www.uusinakyma.fi\/index.php\/wp-json\/wp\/v2\/types\/page"}],"author":[{"embeddable":true,"href":"https:\/\/www.uusinakyma.fi\/index.php\/wp-json\/wp\/v2\/users\/1"}],"replies":[{"embeddable":true,"href":"https:\/\/www.uusinakyma.fi\/index.php\/wp-json\/wp\/v2\/comments?post=59"}],"version-history":[{"count":52,"href":"https:\/\/www.uusinakyma.fi\/index.php\/wp-json\/wp\/v2\/pages\/59\/revisions"}],"predecessor-version":[{"id":896,"href":"https:\/\/www.uusinakyma.fi\/index.php\/wp-json\/wp\/v2\/pages\/59\/revisions\/896"}],"wp:attachment":[{"href":"https:\/\/www.uusinakyma.fi\/index.php\/wp-json\/wp\/v2\/media?parent=59"}],"curies":[{"name":"wp","href":"https:\/\/api.w.org\/{rel}","templated":true}]}}