{"id":795,"date":"2024-11-14T10:46:56","date_gmt":"2024-11-14T10:46:56","guid":{"rendered":"https:\/\/www.uusinakyma.fi\/?page_id=795"},"modified":"2025-08-02T11:10:06","modified_gmt":"2025-08-02T11:10:06","slug":"yhteystiedot-2","status":"publish","type":"page","link":"https:\/\/www.uusinakyma.fi\/index.php\/yhteystiedot-2\/","title":{"rendered":"Yhteystiedot"},"content":{"rendered":"<p>[et_pb_section fb_built=&#8221;1&#8243; _builder_version=&#8221;4.27.3&#8243; _module_preset=&#8221;default&#8221; global_colors_info=&#8221;{}&#8221;][et_pb_row column_structure=&#8221;3_5,2_5&#8243; _builder_version=&#8221;4.25.1&#8243; _module_preset=&#8221;default&#8221; global_colors_info=&#8221;{}&#8221;][et_pb_column type=&#8221;3_5&#8243; _builder_version=&#8221;4.23.2&#8243; _module_preset=&#8221;default&#8221; custom_padding_tablet=&#8221;||0px||false|false&#8221; custom_padding_phone=&#8221;||0vw||false|false&#8221; custom_padding_last_edited=&#8221;off|desktop&#8221; global_colors_info=&#8221;{}&#8221;][et_pb_text _builder_version=&#8221;4.22.1&#8243; _module_preset=&#8221;072278cc-ba46-4b72-89f7-1e7c6ca42e2d&#8221; width=&#8221;100%&#8221; custom_padding=&#8221;|||1px||&#8221; global_colors_info=&#8221;{}&#8221;]<\/p>\n<h1>YHTeystiedot<\/h1>\n<p>[\/et_pb_text][et_pb_text _builder_version=&#8221;4.27.3&#8243; _module_preset=&#8221;default&#8221; custom_margin=&#8221;||13px|||&#8221; custom_padding=&#8221;0px||17px|||&#8221; global_colors_info=&#8221;{}&#8221;]<\/p>\n<p><span style=\"font-size: medium;\"><strong>N\u00c4IN VARAAT AJAN: <\/strong><\/span><span style=\"font-size: small;\">Ota yhteytt\u00e4 valitsemallasi tavalla. Kerro ainakin nimesi ja halutessasi toive ajankohdasta. <\/span><span style=\"font-size: small;\">\u279c Sovitaan tapaaminen ja k\u00e4\u00e4rit\u00e4\u00e4n hihat. <strong>Tervetuloa!<\/strong><\/span><\/p>\n<p><span style=\"font-size: small;\">Vastaan kaikkiin tiedusteluihin 48 tunnin sis\u00e4ll\u00e4.<\/span><\/p>\n<p><span style=\"font-size: small;\"><\/span><\/p>\n<p>[\/et_pb_text][et_pb_blurb title=&#8221;044-3289004&#8243; use_icon=&#8221;on&#8221; font_icon=&#8221;&#xf879;||fa||900&#8243; image_icon_background_color=&#8221;gcid-0a41bebc-0107-48f7-8173-6190cad71074&#8243; image_icon_width=&#8221;16px&#8221; _builder_version=&#8221;4.25.1&#8243; _module_preset=&#8221;60354097-8dbc-4e4a-a778-811aad8b510d&#8221; image_icon_custom_padding=&#8221;16px|16px|16px|16px|true|true&#8221; border_radii_image=&#8221;on|30px|30px|30px|30px&#8221; global_colors_info=&#8221;{%22gcid-0a41bebc-0107-48f7-8173-6190cad71074%22:%91%22image_icon_background_color%22%93}&#8221;]<\/p>\n<p>Puhelut ja tekstiviestit<\/p>\n<p>[\/et_pb_blurb][et_pb_blurb title=&#8221;maija@uusinakyma.fi&#8221; use_icon=&#8221;on&#8221; font_icon=&#8221;&#xf0e0;||fa||900&#8243; image_icon_background_color=&#8221;gcid-0a41bebc-0107-48f7-8173-6190cad71074&#8243; image_icon_width=&#8221;16px&#8221; _builder_version=&#8221;4.25.1&#8243; _module_preset=&#8221;60354097-8dbc-4e4a-a778-811aad8b510d&#8221; image_icon_custom_padding=&#8221;16px|16px|16px|16px|true|true&#8221; border_radii_image=&#8221;on|30px|30px|30px|30px&#8221; global_colors_info=&#8221;{%22gcid-0a41bebc-0107-48f7-8173-6190cad71074%22:%91%22image_icon_background_color%22%93}&#8221;]<\/p>\n<p>S\u00e4hk\u00f6posti<\/p>\n<p>[\/et_pb_blurb][\/et_pb_column][et_pb_column type=&#8221;2_5&#8243; _builder_version=&#8221;4.22.1&#8243; _module_preset=&#8221;default&#8221; global_colors_info=&#8221;{}&#8221;][et_pb_image src=&#8221;http:\/\/www.uusinakyma.fi\/wp-content\/uploads\/2024\/11\/iStock-1405625971-scaled.jpg&#8221; title_text=&#8221;Carrier pigeon carrying and delivering mail message&#8221; _builder_version=&#8221;4.27.3&#8243; _module_preset=&#8221;default&#8221; custom_margin=&#8221;|-10vw|||false|false&#8221; custom_margin_tablet=&#8221;|0vw|||false|false&#8221; custom_margin_phone=&#8221;|0vw|||false|false&#8221; custom_margin_last_edited=&#8221;on|tablet&#8221; global_colors_info=&#8221;{}&#8221;][\/et_pb_image][\/et_pb_column][\/et_pb_row][\/et_pb_section]<\/p>\n","protected":false},"excerpt":{"rendered":"<p>YHTeystiedotN\u00c4IN VARAAT AJAN: Ota yhteytt\u00e4 valitsemallasi tavalla. Kerro ainakin nimesi ja halutessasi toive ajankohdasta. \u279c Sovitaan tapaaminen ja k\u00e4\u00e4rit\u00e4\u00e4n hihat. Tervetuloa! Vastaan kaikkiin tiedusteluihin 48 tunnin sis\u00e4ll\u00e4. Puhelut ja tekstiviestitS\u00e4hk\u00f6posti<\/p>\n","protected":false},"author":1,"featured_media":0,"parent":0,"menu_order":0,"comment_status":"closed","ping_status":"closed","template":"","meta":{"_et_pb_use_builder":"on","_et_pb_old_content":"","_et_gb_content_width":"","footnotes":""},"_links":{"self":[{"href":"https:\/\/www.uusinakyma.fi\/index.php\/wp-json\/wp\/v2\/pages\/795"}],"collection":[{"href":"https:\/\/www.uusinakyma.fi\/index.php\/wp-json\/wp\/v2\/pages"}],"about":[{"href":"https:\/\/www.uusinakyma.fi\/index.php\/wp-json\/wp\/v2\/types\/page"}],"author":[{"embeddable":true,"href":"https:\/\/www.uusinakyma.fi\/index.php\/wp-json\/wp\/v2\/users\/1"}],"replies":[{"embeddable":true,"href":"https:\/\/www.uusinakyma.fi\/index.php\/wp-json\/wp\/v2\/comments?post=795"}],"version-history":[{"count":5,"href":"https:\/\/www.uusinakyma.fi\/index.php\/wp-json\/wp\/v2\/pages\/795\/revisions"}],"predecessor-version":[{"id":905,"href":"https:\/\/www.uusinakyma.fi\/index.php\/wp-json\/wp\/v2\/pages\/795\/revisions\/905"}],"wp:attachment":[{"href":"https:\/\/www.uusinakyma.fi\/index.php\/wp-json\/wp\/v2\/media?parent=795"}],"curies":[{"name":"wp","href":"https:\/\/api.w.org\/{rel}","templated":true}]}}