{"id":98,"date":"2024-11-14T10:36:00","date_gmt":"2024-11-14T10:36:00","guid":{"rendered":"http:\/\/www.uusinakyma.fi\/?page_id=98"},"modified":"2025-08-02T10:56:06","modified_gmt":"2025-08-02T10:56:06","slug":"minusta","status":"publish","type":"page","link":"https:\/\/www.uusinakyma.fi\/index.php\/minusta\/","title":{"rendered":"Minusta"},"content":{"rendered":"<p>[et_pb_section fb_built=&#8221;1&#8243; admin_label=&#8221;Header&#8221; _builder_version=&#8221;4.22.1&#8243; _module_preset=&#8221;default&#8221; min_height=&#8221;678.2px&#8221; collapsed=&#8221;on&#8221; global_colors_info=&#8221;{}&#8221;][et_pb_row column_structure=&#8221;1_2,1_2&#8243; _builder_version=&#8221;4.23.2&#8243; _module_preset=&#8221;default&#8221; global_colors_info=&#8221;{}&#8221;][et_pb_column type=&#8221;1_2&#8243; _builder_version=&#8221;4.22.1&#8243; _module_preset=&#8221;default&#8221; global_colors_info=&#8221;{}&#8221;][et_pb_text _builder_version=&#8221;4.22.1&#8243; _module_preset=&#8221;90955668-9402-4b5f-8560-6c6cf92374f6&#8243; custom_margin=&#8221;||10px||false|false&#8221; global_colors_info=&#8221;{}&#8221;]<\/p>\n<h1>MINUSTA<\/h1>\n<p>[\/et_pb_text][et_pb_text _builder_version=&#8221;4.27.3&#8243; _module_preset=&#8221;d8c472c9-422b-4805-8c89-6f18cc643fd1&#8243; hover_enabled=&#8221;0&#8243; global_colors_info=&#8221;{}&#8221; sticky_enabled=&#8221;0&#8243;]<\/p>\n<p>Moi! Nimeni on Maija Aapalahti. Olen 36-vuotias ja asun Pyht\u00e4\u00e4ll\u00e4 ihanan, rakkaan ja niin monimutkaisen seitsenhenkisen uusperheeni kanssa.<\/p>\n<p>Minulle t\u00e4rkeit\u00e4 asioita el\u00e4m\u00e4ss\u00e4 ovat oppiminen, luovuus, hauskuus ja yhteyden tunne. En toki odota n\u00e4iden olevan jatkuvasti l\u00e4sn\u00e4 arjessani, mutta niist\u00e4 hengit\u00e4n ja el\u00e4n. Suuri innostuksen kohteeni on ja on kai aina ollut ihmismieli. Olen suunnannut paljon aikaa ja ajatusta esimerkiksi sen tutkailuun, miten voisin omalla toiminnallani edist\u00e4\u00e4 henkist\u00e4 hyvinvointia t\u00e4ss\u00e4 maailmassa.<\/p>\n<p>Henkil\u00f6kohtaisessa el\u00e4m\u00e4ss\u00e4ni sek\u00e4 ty\u00f6el\u00e4m\u00e4ss\u00e4 omalle polulleni kohdattavaksi on riitt\u00e4nyt el\u00e4m\u00e4n varjopuolia ja kaikenlaista ihmisyyteen kuuluvaa keskener\u00e4isyytt\u00e4 ja raadollisuuttakin. Toisinaan ajattelen, ett\u00e4 ehk\u00e4 juuri ne kokemukset ovat auttaneet minua syv\u00e4sti ymm\u00e4rt\u00e4m\u00e4\u00e4n sen, kuinka aivan jokainen tilanne sis\u00e4lt\u00e4\u00e4 satam\u00e4\u00e4rin toivoa ja mahdollisuuksia!<\/p>\n<p>[\/et_pb_text][\/et_pb_column][et_pb_column type=&#8221;1_2&#8243; _builder_version=&#8221;4.22.1&#8243; _module_preset=&#8221;default&#8221; global_colors_info=&#8221;{}&#8221;][et_pb_image src=&#8221;http:\/\/www.uusinakyma.fi\/wp-content\/uploads\/2024\/10\/mina-244&#215;300.jpg&#8221; title_text=&#8221;mina&#8221; _builder_version=&#8221;4.27.0&#8243; _module_preset=&#8221;default&#8221; transform_scale=&#8221;116%|116%&#8221; transform_translate=&#8221;88px|88px&#8221; transform_origin=&#8221;46%|60%&#8221; module_alignment=&#8221;right&#8221; custom_margin=&#8221;|-10vw|||false|false&#8221; custom_margin_tablet=&#8221;|0vw|||false|false&#8221; custom_margin_phone=&#8221;|0vw|||false|false&#8221; custom_margin_last_edited=&#8221;on|tablet&#8221; global_colors_info=&#8221;{}&#8221;][\/et_pb_image][\/et_pb_column][\/et_pb_row][\/et_pb_section][et_pb_section fb_built=&#8221;1&#8243; admin_label=&#8221;Programs&#8221; _builder_version=&#8221;4.22.1&#8243; _module_preset=&#8221;default&#8221; collapsed=&#8221;on&#8221; global_colors_info=&#8221;{}&#8221;][et_pb_row column_structure=&#8221;2_5,3_5&#8243; _builder_version=&#8221;4.23.2&#8243; _module_preset=&#8221;default&#8221; global_colors_info=&#8221;{}&#8221;][et_pb_column type=&#8221;2_5&#8243; _builder_version=&#8221;4.23.2&#8243; _module_preset=&#8221;default&#8221; global_colors_info=&#8221;{}&#8221;][et_pb_image src=&#8221;http:\/\/www.uusinakyma.fi\/wp-content\/uploads\/2024\/09\/istockphoto-1289228430-612&#215;612-1.jpg&#8221; title_text=&#8221;Communication, dialogue between two people&#8221; _builder_version=&#8221;4.27.0&#8243; _module_preset=&#8221;default&#8221; scroll_vertical_motion_enable=&#8221;on&#8221; scroll_vertical_motion=&#8221;0|50|50|100|0.5|0|-0.5&#8243; global_colors_info=&#8221;{}&#8221;][\/et_pb_image][\/et_pb_column][et_pb_column type=&#8221;3_5&#8243; _builder_version=&#8221;4.23.2&#8243; _module_preset=&#8221;default&#8221; custom_padding=&#8221;|||10%|false|false&#8221; custom_padding_tablet=&#8221;|||0%|false|false&#8221; custom_padding_phone=&#8221;&#8221; custom_padding_last_edited=&#8221;on|tablet&#8221; global_colors_info=&#8221;{}&#8221;][et_pb_text _builder_version=&#8221;4.22.1&#8243; _module_preset=&#8221;d8c472c9-422b-4805-8c89-6f18cc643fd1&#8243; locked=&#8221;off&#8221; global_colors_info=&#8221;{}&#8221;]<\/p>\n<p>Olen my\u00f6s sosiaalialaa ja mielen hoitamista ristiinrastiin opiskellut useassa liemess\u00e4 keitetty vuorovaikutusty\u00f6n ammattilainen. Yli 12 vuoden ty\u00f6kokemukseni sosiaalialalta painottuu mielenterveysty\u00f6h\u00f6n sek\u00e4 lastensuojeluun.<\/p>\n<p>Koulutuksiani:<\/p>\n<ul>\n<li>L\u00e4hihoitaja (Tavastia 2009, mielenterveys- ja p\u00e4ihdety\u00f6)<\/li>\n<li>Sosionomi (Xamk 2022)<\/li>\n<li>Ratkaisukeskeinen lyhytterapeutti (Muurlan opisto 2023)<\/li>\n<li>Lastensuojeluty\u00f6n erikoistumiskoulutus (Hamk 2024)<\/li>\n<\/ul>\n<p>&nbsp;<\/p>\n<p>[\/et_pb_text][\/et_pb_column][\/et_pb_row][\/et_pb_section]<\/p>\n","protected":false},"excerpt":{"rendered":"<p>MINUSTAMoi! Nimeni on Maija Aapalahti. Olen 36-vuotias ja asun Pyht\u00e4\u00e4ll\u00e4 ihanan, rakkaan ja niin monimutkaisen seitsenhenkisen uusperheeni kanssa. Minulle t\u00e4rkeit\u00e4 asioita el\u00e4m\u00e4ss\u00e4 ovat oppiminen, luovuus, hauskuus ja yhteyden tunne. En toki odota n\u00e4iden olevan jatkuvasti l\u00e4sn\u00e4 arjessani, mutta niist\u00e4 hengit\u00e4n ja el\u00e4n. Suuri innostuksen kohteeni on ja on kai aina ollut ihmismieli. Olen suunnannut paljon [&hellip;]<\/p>\n","protected":false},"author":1,"featured_media":0,"parent":0,"menu_order":0,"comment_status":"closed","ping_status":"closed","template":"","meta":{"_et_pb_use_builder":"on","_et_pb_old_content":"","_et_gb_content_width":"","footnotes":""},"_links":{"self":[{"href":"https:\/\/www.uusinakyma.fi\/index.php\/wp-json\/wp\/v2\/pages\/98"}],"collection":[{"href":"https:\/\/www.uusinakyma.fi\/index.php\/wp-json\/wp\/v2\/pages"}],"about":[{"href":"https:\/\/www.uusinakyma.fi\/index.php\/wp-json\/wp\/v2\/types\/page"}],"author":[{"embeddable":true,"href":"https:\/\/www.uusinakyma.fi\/index.php\/wp-json\/wp\/v2\/users\/1"}],"replies":[{"embeddable":true,"href":"https:\/\/www.uusinakyma.fi\/index.php\/wp-json\/wp\/v2\/comments?post=98"}],"version-history":[{"count":35,"href":"https:\/\/www.uusinakyma.fi\/index.php\/wp-json\/wp\/v2\/pages\/98\/revisions"}],"predecessor-version":[{"id":898,"href":"https:\/\/www.uusinakyma.fi\/index.php\/wp-json\/wp\/v2\/pages\/98\/revisions\/898"}],"wp:attachment":[{"href":"https:\/\/www.uusinakyma.fi\/index.php\/wp-json\/wp\/v2\/media?parent=98"}],"curies":[{"name":"wp","href":"https:\/\/api.w.org\/{rel}","templated":true}]}}